{"id":1364,"date":"2021-10-27T11:51:41","date_gmt":"2021-10-27T11:51:41","guid":{"rendered":"https:\/\/mmginternational.ro\/politique-de-confidentialite\/"},"modified":"2022-11-08T17:37:23","modified_gmt":"2022-11-08T17:37:23","slug":"politique-de-confidentialite","status":"publish","type":"page","link":"https:\/\/mmginternational.ro\/fr\/politique-de-confidentialite\/","title":{"rendered":"Politique de confidentialit\u00e9"},"content":{"rendered":"\n<p>Notre entreprise conna\u00eet l&rsquo;importance de vos donn\u00e9es personnelles et s&rsquo;engage \u00e0 en prot\u00e9ger la confidentialit\u00e9 et la s\u00e9curit\u00e9. Il est donc important pour nous de vous fournir les informations relatives au traitement de vos donn\u00e9es personnelles de mani\u00e8re int\u00e9gr\u00e9e. Nos donn\u00e9es d&rsquo;identification:<\/p>\n\n\n\n<p><strong>Nos donn\u00e9es d&rsquo;identification:<\/strong> MMG International SRL, si\u00e8ge social \u00e0 M\u0103gurele, str. Atomi\u0219tilor, nr. 409, jud. Ilfov, Roumanie, enregistr\u00e9e au Registre du commerce sous le num\u00e9ro J23\/2719\/23.12.2002, code fiscal RO15111473.<\/p>\n\n\n\n<div style=\"height:20px\" aria-hidden=\"true\" class=\"wp-block-spacer\"><\/div>\n\n\n\n<p><strong>MMG International SRL<\/strong>, ci-apr\u00e8s d\u00e9nomm\u00e9e \u00ab&nbsp;la Soci\u00e9t\u00e9&nbsp;\u00bb respecte la confidentialit\u00e9 de tous les clients et la vie priv\u00e9e de tous les visiteurs de son site web et traitera les donn\u00e9es personnelles dans des conditions techniques et organisationnelles de s\u00e9curit\u00e9 ad\u00e9quates.\r\nLa Soci\u00e9t\u00e9 traite les donn\u00e9es personnelles re\u00e7ues directement de vous en tant que personnes concern\u00e9es ou indirectement dans le cadre de relations commerciales\/contractuelles.\r\nLes donn\u00e9es personnelles sont collect\u00e9es uniquement avec votre consentement\/acceptation, si elles sont fournies en toute connaissance de cause, volontairement, de votre propre initiative ou \u00e0 la demande de la Soci\u00e9t\u00e9.\r\nSi vous n&rsquo;\u00eates pas d&rsquo;accord avec l&rsquo;une des d\u00e9clarations contenues dans ce document, n&rsquo;utilisez pas notre site web et ne nous fournissez pas vos donn\u00e9es personnelles. Toutefois, veuillez noter que certains services peuvent \u00eatre conditionn\u00e9s par la fourniture de vos donn\u00e9es personnelles.\r\nLa Soci\u00e9t\u00e9 ne traitera vos donn\u00e9es personnelles que dans la mesure n\u00e9cessaire \u00e0 la r\u00e9alisation des objectifs \u00e9nonc\u00e9s ci-dessous, sous r\u00e9serve du respect des mesures l\u00e9gales de s\u00e9curit\u00e9 et de confidentialit\u00e9 des donn\u00e9es.<\/p>\n\n\n\n<div style=\"height:20px\" aria-hidden=\"true\" class=\"wp-block-spacer\"><\/div>\n\n\n\n<p><strong>Quelles sont les donn\u00e9es personnelles trait\u00e9es par la soci\u00e9t\u00e9?<\/strong> <\/p>\n\n\n\n<p>Afin de mener \u00e0 bien son activit\u00e9 courante, y compris l&rsquo;ex\u00e9cution de l&rsquo;activit\u00e9 contractuelle, et d&rsquo;appliquer les dispositions l\u00e9gales, notamment celles relatives \u00e0 la protection des personnes physiques \u00e0 l&rsquo;\u00e9gard du traitement des donn\u00e9es \u00e0 caract\u00e8re personnel et de la libre circulation de ces donn\u00e9es (droit national et droit communautaire de l&rsquo;UE), la Soci\u00e9t\u00e9 peut vous demander certaines donn\u00e9es personnelles. \u00c0 cette fin, la soci\u00e9t\u00e9 traitera, entre autres, les donn\u00e9es personnelles suivantes: nom et pr\u00e9nom, adresse \u00e9lectronique et num\u00e9ro de t\u00e9l\u00e9phone. Le traitement des donn\u00e9es personnelles est toute op\u00e9ration ou ensemble d&rsquo;op\u00e9rations effectu\u00e9es ou non \u00e0 l&rsquo;aide de proc\u00e9d\u00e9s automatis\u00e9s et appliqu\u00e9es \u00e0 vos donn\u00e9es \u00e0 caract\u00e8re personnel, telles que\u00a0: la collecte, l&rsquo;enregistrement, l&rsquo;organisation, la structuration, la conservation, l&rsquo;adaptation ou la modification, l&rsquo;extraction, la consultation, l&rsquo;utilisation, la communication par transmission, la diffusion ou toute autre forme de mise \u00e0 disposition, le rapprochement ou l&rsquo;interconnexion, la limitation, le verrouillage, l&rsquo;effacement ou la destruction. Pour acc\u00e9der au site web de la soci\u00e9t\u00e9, vous n&rsquo;avez pas besoin de nous fournir de donn\u00e9es personnelles.<\/p>\n\n\n\n<div style=\"height:20px\" aria-hidden=\"true\" class=\"wp-block-spacer\"><\/div>\n\n\n\n<p><strong>Qui sont les personnes concern\u00e9es?<\/strong> <\/p>\n\n\n\n<p>Les personnes (cibl\u00e9es) dont les donn\u00e9es peuvent \u00eatre trait\u00e9es par la Soci\u00e9t\u00e9, exclusivement aux fins mentionn\u00e9es ci-dessous sont: les clients personnes physiques de la Soci\u00e9t\u00e9 (actuels, anciens ou potentiels), les visiteurs, le grand public, leurs repr\u00e9sentants\/ repr\u00e9sentants l\u00e9gaux ou contractuels.<\/p>\n\n\n\n<div style=\"height:20px\" aria-hidden=\"true\" class=\"wp-block-spacer\"><\/div>\n\n\n\n<p><strong>Cons\u00e9quences du refus de fournir des donn\u00e9es \u00e0 caract\u00e8re personnel<\/strong> <\/p>\n\n\n\n<p>En tant que personne concern\u00e9e, vous \u00eates tenu de fournir des donn\u00e9es compl\u00e8tes, \u00e0 jour et exactes. Afin de pouvoir vous fournir certains services sp\u00e9cifiques \u00e0 l&rsquo;activit\u00e9 de la Soci\u00e9t\u00e9, des donn\u00e9es personnelles n\u00e9cessaires \u00e0 la prestation de ces services vous seront demand\u00e9es, et le refus de fournir ces donn\u00e9es peut rendre impossible la prestation des services de la Soci\u00e9t\u00e9. Lorsque vous achetez un produit\/service fourni par la soci\u00e9t\u00e9, nous collectons des donn\u00e9es personnelles en rapport avec la fourniture de ces produits\/services. De m\u00eame, en tant que visiteur des locaux de la soci\u00e9t\u00e9, nous collecterons des donn\u00e9es personnelles (image, donn\u00e9es trait\u00e9es par les syst\u00e8mes de vid\u00e9osurveillance, etc.) dans le but de remplir les obligations l\u00e9gales et de mener \u00e0 bien l&rsquo;activit\u00e9 courante (int\u00e9r\u00eat l\u00e9gitime). En lisant ces dispositions et\/ou en signant tout document par lequel des donn\u00e9es personnelles sont fournies \u00e0 la Soci\u00e9t\u00e9 ou en fournissant des donn\u00e9es personnelles pour l&rsquo;achat de produits\/services de la Soci\u00e9t\u00e9, les personnes concern\u00e9es sont inform\u00e9es et\/ou consentent express\u00e9ment (donnent leur consentement) au traitement des donn\u00e9es personnelles conform\u00e9ment aux dispositions l\u00e9gales relatives \u00e0 la protection des personnes physiques \u00e0 l&rsquo;\u00e9gard du traitement des donn\u00e9es personnelles et de la libre circulation de ces donn\u00e9es (droit national et droit communautaire). Si le traitement des donn\u00e9es n&rsquo;est plus n\u00e9cessaire pour la fourniture d&rsquo;un produit\/service, pour le respect d&rsquo;une obligation l\u00e9gale ou n&rsquo;est pas justifi\u00e9 par un int\u00e9r\u00eat l\u00e9gitime de la Soci\u00e9t\u00e9, les personnes concern\u00e9es peuvent refuser ce traitement ou retirer leur consentement pr\u00e9c\u00e9demment donn\u00e9, ce qui prendra effet pour l&rsquo;avenir. Par exemple: les personnes concern\u00e9es peuvent retirer leur consentement au traitement des donn\u00e9es \u00e0 des fins de marketing direct \u00e0 tout moment et sans avoir \u00e0 motiver leur d\u00e9cision. Apr\u00e8s la r\u00e9solution de la demande de retrait du consentement, la personne concern\u00e9e ne recevra plus d&rsquo;informations commerciales sur les produits\/services propos\u00e9s par la Soci\u00e9t\u00e9.<\/p>\n\n\n\n<div style=\"height:20px\" aria-hidden=\"true\" class=\"wp-block-spacer\"><\/div>\n\n\n\n<p><strong>Quels sont les objectifs de la collecte de donn\u00e9es \u00e0 caract\u00e8re personnel?<\/strong><\/p>\n\n\n\n<ul class=\"wp-block-list\">\n<li>Exercer l&rsquo;activit\u00e9 commerciale\/contractuelle de l&rsquo;entreprise.<\/li>\n\n\n\n<li>Facturation et recouvrement de la valeur des produits\/services offerts par la Soci\u00e9t\u00e9<\/li>\n\n\n\n<li>Marketing, promotion, publicit\u00e9, concours, y compris la transmission d&rsquo;offres commerciales g\u00e9n\u00e9rales ou personnalis\u00e9es&nbsp;; d\u00e9veloppement et am\u00e9lioration de produits\/services<\/li>\n\n\n\n<li>Gestion op\u00e9rationnelle<\/li>\n\n\n\n<li>Gestion de la relation client<\/li>\n\n\n\n<li>Communication commerciale avec les clients\/fournisseurs par tout moyen de communication<\/li>\n\n\n\n<li>Respecter les obligations l\u00e9gales pertinentes<\/li>\n\n\n\n<li>Archivage, fins statistiques<\/li>\n\n\n\n<li>Recouvrement de cr\u00e9ances\/Recouvrement de cr\u00e9ances impay\u00e9es<\/li>\n\n\n\n<li>R\u00e8glement des diff\u00e9rends et des litiges, ex\u00e9cution des d\u00e9cisions de justice, des sentences arbitrales, des ordonnances judiciaires, etc.<\/li>\n<\/ul>\n\n\n\n<p><\/p>\n\n\n\n<p>La soci\u00e9t\u00e9 traitera toutes les informations recueillies aupr\u00e8s de vous de mani\u00e8re confidentielle et ne les partagera pas avec des tiers sans votre consentement expr\u00e8s pr\u00e9alable.<\/p>\n\n\n\n<div style=\"height:20px\" aria-hidden=\"true\" class=\"wp-block-spacer\"><\/div>\n\n\n\n<p><strong>Qui sont les destinataires de vos donn\u00e9es personnelles?<\/strong> <\/p>\n\n\n\n<p>Les destinataires des donn\u00e9es peuvent \u00eatre:<\/p>\n\n\n\n<ul class=\"wp-block-list\">\n<li>Clients individuels de la soci\u00e9t\u00e9 (actuels, anciens ou potentiels), visiteurs, grand public, leurs repr\u00e9sentants\/agents l\u00e9gaux ou contractuels (\u00e0 des fins de relations commerciales\/contractuelles):<\/li>\n\n\n\n<li>Fournisseurs, prestataires et autres entit\u00e9s juridiques &#8211; partenaires commerciaux\/contractuels de la soci\u00e9t\u00e9, autorit\u00e9s\/institutions publiques:<\/li>\n\n\n\n<li>Autorit\u00e9s publiques centrales et locales, autorit\u00e9s judiciaires, police, minist\u00e8re public (dans les limites des dispositions l\u00e9gales et\/ou suite \u00e0 des demandes sp\u00e9cifiques), soci\u00e9t\u00e9s bancaires, huissiers de justice, compagnies d&rsquo;assurance et de r\u00e9assurance, organismes d&rsquo;\u00e9tudes de march\u00e9 (\u00e0 des fins statistiques), etc.<\/li>\n<\/ul>\n\n\n\n<p>La confidentialit\u00e9 des donn\u00e9es personnelles sera assur\u00e9e par la soci\u00e9t\u00e9 et ne sera pas fournie \u00e0 des tiers autres que ceux mentionn\u00e9s dans le pr\u00e9sent document.<\/p>\n\n\n\n<div style=\"height:20px\" aria-hidden=\"true\" class=\"wp-block-spacer\"><\/div>\n\n\n\n<p><strong>Traitement des donn\u00e9es personnelles \u00e0 des fins promotionnelles (marketing)<\/strong><\/p>\n\n\n\n<p>Les donn\u00e9es personnelles fournies par les personnes concern\u00e9es (telles que: nom et pr\u00e9nom, adresse \u00e9lectronique, num\u00e9ro de fax, num\u00e9ro de t\u00e9l\u00e9phone mobile\/fixe) pourront \u00eatre trait\u00e9es par la Soci\u00e9t\u00e9 dans le respect de leurs droits, notamment le droit \u00e0 l&rsquo;information et \u00e0 l&rsquo;opposition, aux fins suivantes: marketing (y compris le marketing direct), concours, loteries, r\u00e9alisation de communications commerciales pour les produits et services de la Soci\u00e9t\u00e9, y compris ceux d\u00e9velopp\u00e9s avec des partenaires, par tout moyen de communication, y compris les services de communication \u00e9lectronique. Les donn\u00e9es personnelles fournies par les personnes concern\u00e9es peuvent \u00eatre utilis\u00e9es \u00e0 des fins promotionnelles (marketing) et pour les produits ou services d&rsquo;autres partenaires de la soci\u00e9t\u00e9, tout en respectant les droits des personnes concern\u00e9es. Si la Soci\u00e9t\u00e9 a l&rsquo;intention d&rsquo;utiliser vos donn\u00e9es \u00e0 des fins de marketing direct (apr\u00e8s que les personnes concern\u00e9es ont choisi de le faire), les personnes concern\u00e9es seront inform\u00e9es \u00e0 l&rsquo;avance. Les personnes concern\u00e9es peuvent exercer leur droit d&rsquo;interdire ce traitement en cochant les cases appropri\u00e9es sur les formulaires\/documents utilis\u00e9s pour la collecte des donn\u00e9es personnelles. Dans tous les cas, si vous souhaitez mettre fin au traitement de vos donn\u00e9es personnelles par la Soci\u00e9t\u00e9, vous pouvez nous demander express\u00e9ment de cesser tout traitement de vos donn\u00e9es par nos soins. De m\u00eame, si vous souhaitez ne plus recevoir de bulletins d&rsquo;information ou de mat\u00e9riel informatif de la part de la Soci\u00e9t\u00e9, vous pouvez vous d\u00e9sinscrire en utilisant le bouton \u00abSe d\u00e9sabonner\u00bb.\r\nDans le cadre de votre relation avec la Soci\u00e9t\u00e9, vous disposez des droits suivants en vertu du droit applicable: droit d&rsquo;acc\u00e8s, droit de rectification, droit \u00e0 l&rsquo;effacement des donn\u00e9es, droit \u00e0 la limitation du traitement, droit \u00e0 la portabilit\u00e9 des donn\u00e9es, droit d&rsquo;opposition et prise de d\u00e9cision individuelle automatis\u00e9e.<\/p>\n\n\n\n<div style=\"height:20px\" aria-hidden=\"true\" class=\"wp-block-spacer\"><\/div>\n\n\n\n<p><strong>Dur\u00e9e du traitement des donn\u00e9es \u00e0 caract\u00e8re personnel<\/strong><\/p>\n\n\n\n<p>Afin d&rsquo;atteindre l&rsquo;objectif susmentionn\u00e9, la Soci\u00e9t\u00e9 traitera les donn\u00e9es personnelles pendant la dur\u00e9e des activit\u00e9s de la Soci\u00e9t\u00e9, jusqu&rsquo;\u00e0 ce que la personne concern\u00e9e, ou le repr\u00e9sentant l\u00e9gal, exprime le droit d&rsquo;opposition\/suppression (sauf si la Soci\u00e9t\u00e9 traite les donn\u00e9es sur la base d&rsquo;une obligation l\u00e9gale ou justifie un int\u00e9r\u00eat l\u00e9gitime). Apr\u00e8s la fin des op\u00e9rations de traitement des donn\u00e9es personnelles, pour la finalit\u00e9 pour laquelle elles ont \u00e9t\u00e9 collect\u00e9es, si la personne concern\u00e9e ou son repr\u00e9sentant l\u00e9gal n&rsquo;exprime pas le droit d&rsquo;opposition\/suppression, conform\u00e9ment \u00e0 la loi, ces donn\u00e9es seront archiv\u00e9es par la Soci\u00e9t\u00e9 pour la p\u00e9riode de temps pr\u00e9vue dans les proc\u00e9dures internes de la Soci\u00e9t\u00e9 et\/ou seront d\u00e9truites.<\/p>\n\n\n\n<div style=\"height:20px\" aria-hidden=\"true\" class=\"wp-block-spacer\"><\/div>\n\n\n\n<p><strong>Quelles mesures de s\u00e9curit\u00e9 sont utilis\u00e9es pour prot\u00e9ger vos donn\u00e9es&nbsp;?<\/strong><\/p>\n\n\n\n<p>Afin d&rsquo;\u00e9viter toute utilisation ill\u00e9gale des donn\u00e9es personnelles et tout abus \u00e9ventuel, nous utilisons des m\u00e9thodes et des technologies de s\u00e9curit\u00e9, ainsi que des politiques et des proc\u00e9dures de travail appropri\u00e9es, pour prot\u00e9ger les donn\u00e9es personnelles collect\u00e9es. La s\u00e9curit\u00e9 totale des donn\u00e9es transmises sur Internet ne peut jamais \u00eatre garantie. Bien que la Soci\u00e9t\u00e9 mette tout en \u0153uvre pour prot\u00e9ger les donn\u00e9es personnelles, la s\u00e9curit\u00e9 des donn\u00e9es transmises au site web de la Soci\u00e9t\u00e9 ne peut \u00eatre absolument garantie. Toute transmission de donn\u00e9es se fait aux risques et p\u00e9rils des personnes concern\u00e9es.<\/p>\n\n\n\n<p><\/p>\n\n\n\n<p><\/p>\n","protected":false},"excerpt":{"rendered":"<p>Notre entreprise conna\u00eet l&rsquo;importance de vos donn\u00e9es personnelles et s&rsquo;engage \u00e0 en prot\u00e9ger la confidentialit\u00e9 et la s\u00e9curit\u00e9. Il est donc important pour nous de vous fournir les informations relatives au traitement de vos donn\u00e9es personnelles de mani\u00e8re int\u00e9gr\u00e9e. Nos donn\u00e9es d&rsquo;identification: Nos donn\u00e9es d&rsquo;identification: MMG International SRL, si\u00e8ge social \u00e0 M\u0103gurele, str. Atomi\u0219tilor, nr. [&hellip;]<\/p>\n","protected":false},"author":1,"featured_media":850,"parent":0,"menu_order":0,"comment_status":"closed","ping_status":"closed","template":"","meta":{"footnotes":""},"class_list":["post-1364","page","type-page","status-publish","has-post-thumbnail","hentry"],"yoast_head":"<!-- This site is optimized with the Yoast SEO plugin v19.13 - https:\/\/yoast.com\/wordpress\/plugins\/seo\/ -->\n<title>Politique de confidentialit\u00e9 - MMG International<\/title>\n<meta name=\"robots\" content=\"index, follow, max-snippet:-1, max-image-preview:large, max-video-preview:-1\" \/>\n<link rel=\"canonical\" href=\"https:\/\/mmginternational.ro\/fr\/politique-de-confidentialite\/\" \/>\n<meta property=\"og:locale\" content=\"fr_FR\" \/>\n<meta property=\"og:type\" content=\"article\" \/>\n<meta property=\"og:title\" content=\"Politique de confidentialit\u00e9 - MMG International\" \/>\n<meta property=\"og:description\" content=\"Notre entreprise conna\u00eet l&rsquo;importance de vos donn\u00e9es personnelles et s&rsquo;engage \u00e0 en prot\u00e9ger la confidentialit\u00e9 et la s\u00e9curit\u00e9. Il est donc important pour nous de vous fournir les informations relatives au traitement de vos donn\u00e9es personnelles de mani\u00e8re int\u00e9gr\u00e9e. Nos donn\u00e9es d&rsquo;identification: Nos donn\u00e9es d&rsquo;identification: MMG International SRL, si\u00e8ge social \u00e0 M\u0103gurele, str. Atomi\u0219tilor, nr. [&hellip;]\" \/>\n<meta property=\"og:url\" content=\"https:\/\/mmginternational.ro\/fr\/politique-de-confidentialite\/\" \/>\n<meta property=\"og:site_name\" content=\"MMG International\" \/>\n<meta property=\"article:modified_time\" content=\"2022-11-08T17:37:23+00:00\" \/>\n<meta property=\"og:image\" content=\"https:\/\/mmginternational.ro\/wp-content\/uploads\/2022\/09\/businessman-touching-global-network-data-customer-connection-space-background-scaled.jpg\" \/>\n\t<meta property=\"og:image:width\" content=\"2560\" \/>\n\t<meta property=\"og:image:height\" content=\"1229\" \/>\n\t<meta property=\"og:image:type\" content=\"image\/jpeg\" \/>\n<meta name=\"twitter:card\" content=\"summary_large_image\" \/>\n<meta name=\"twitter:label1\" content=\"Dur\u00e9e de lecture estim\u00e9e\" \/>\n\t<meta name=\"twitter:data1\" content=\"9 minutes\" \/>\n<script type=\"application\/ld+json\" class=\"yoast-schema-graph\">{\"@context\":\"https:\/\/schema.org\",\"@graph\":[{\"@type\":\"WebPage\",\"@id\":\"https:\/\/mmginternational.ro\/fr\/politique-de-confidentialite\/\",\"url\":\"https:\/\/mmginternational.ro\/fr\/politique-de-confidentialite\/\",\"name\":\"Politique de confidentialit\u00e9 - MMG International\",\"isPartOf\":{\"@id\":\"https:\/\/mmginternational.ro\/fr\/#website\"},\"datePublished\":\"2021-10-27T11:51:41+00:00\",\"dateModified\":\"2022-11-08T17:37:23+00:00\",\"breadcrumb\":{\"@id\":\"https:\/\/mmginternational.ro\/fr\/politique-de-confidentialite\/#breadcrumb\"},\"inLanguage\":\"fr-FR\",\"potentialAction\":[{\"@type\":\"ReadAction\",\"target\":[\"https:\/\/mmginternational.ro\/fr\/politique-de-confidentialite\/\"]}]},{\"@type\":\"BreadcrumbList\",\"@id\":\"https:\/\/mmginternational.ro\/fr\/politique-de-confidentialite\/#breadcrumb\",\"itemListElement\":[{\"@type\":\"ListItem\",\"position\":1,\"name\":\"Home\",\"item\":\"https:\/\/mmginternational.ro\/fr\/\"},{\"@type\":\"ListItem\",\"position\":2,\"name\":\"Politique de confidentialit\u00e9\"}]},{\"@type\":\"WebSite\",\"@id\":\"https:\/\/mmginternational.ro\/fr\/#website\",\"url\":\"https:\/\/mmginternational.ro\/fr\/\",\"name\":\"MMG International\",\"description\":\"Conseil en strat\u00e9gie, d\u00e9veloppement du capital humain\",\"publisher\":{\"@id\":\"https:\/\/mmginternational.ro\/fr\/#organization\"},\"potentialAction\":[{\"@type\":\"SearchAction\",\"target\":{\"@type\":\"EntryPoint\",\"urlTemplate\":\"https:\/\/mmginternational.ro\/fr\/?s={search_term_string}\"},\"query-input\":\"required name=search_term_string\"}],\"inLanguage\":\"fr-FR\"},{\"@type\":\"Organization\",\"@id\":\"https:\/\/mmginternational.ro\/fr\/#organization\",\"name\":\"MMG International\",\"url\":\"https:\/\/mmginternational.ro\/fr\/\",\"logo\":{\"@type\":\"ImageObject\",\"inLanguage\":\"fr-FR\",\"@id\":\"https:\/\/mmginternational.ro\/fr\/#\/schema\/logo\/image\/\",\"url\":\"https:\/\/mmginternational.ro\/wp-content\/uploads\/2022\/09\/logo-MMG-transparent.png\",\"contentUrl\":\"https:\/\/mmginternational.ro\/wp-content\/uploads\/2022\/09\/logo-MMG-transparent.png\",\"width\":1132,\"height\":780,\"caption\":\"MMG International\"},\"image\":{\"@id\":\"https:\/\/mmginternational.ro\/fr\/#\/schema\/logo\/image\/\"}}]}<\/script>\n<!-- \/ Yoast SEO plugin. -->","yoast_head_json":{"title":"Politique de confidentialit\u00e9 - MMG International","robots":{"index":"index","follow":"follow","max-snippet":"max-snippet:-1","max-image-preview":"max-image-preview:large","max-video-preview":"max-video-preview:-1"},"canonical":"https:\/\/mmginternational.ro\/fr\/politique-de-confidentialite\/","og_locale":"fr_FR","og_type":"article","og_title":"Politique de confidentialit\u00e9 - MMG International","og_description":"Notre entreprise conna\u00eet l&rsquo;importance de vos donn\u00e9es personnelles et s&rsquo;engage \u00e0 en prot\u00e9ger la confidentialit\u00e9 et la s\u00e9curit\u00e9. Il est donc important pour nous de vous fournir les informations relatives au traitement de vos donn\u00e9es personnelles de mani\u00e8re int\u00e9gr\u00e9e. Nos donn\u00e9es d&rsquo;identification: Nos donn\u00e9es d&rsquo;identification: MMG International SRL, si\u00e8ge social \u00e0 M\u0103gurele, str. Atomi\u0219tilor, nr. [&hellip;]","og_url":"https:\/\/mmginternational.ro\/fr\/politique-de-confidentialite\/","og_site_name":"MMG International","article_modified_time":"2022-11-08T17:37:23+00:00","og_image":[{"width":2560,"height":1229,"url":"https:\/\/mmginternational.ro\/wp-content\/uploads\/2022\/09\/businessman-touching-global-network-data-customer-connection-space-background-scaled.jpg","type":"image\/jpeg"}],"twitter_card":"summary_large_image","twitter_misc":{"Dur\u00e9e de lecture estim\u00e9e":"9 minutes"},"schema":{"@context":"https:\/\/schema.org","@graph":[{"@type":"WebPage","@id":"https:\/\/mmginternational.ro\/fr\/politique-de-confidentialite\/","url":"https:\/\/mmginternational.ro\/fr\/politique-de-confidentialite\/","name":"Politique de confidentialit\u00e9 - MMG International","isPartOf":{"@id":"https:\/\/mmginternational.ro\/fr\/#website"},"datePublished":"2021-10-27T11:51:41+00:00","dateModified":"2022-11-08T17:37:23+00:00","breadcrumb":{"@id":"https:\/\/mmginternational.ro\/fr\/politique-de-confidentialite\/#breadcrumb"},"inLanguage":"fr-FR","potentialAction":[{"@type":"ReadAction","target":["https:\/\/mmginternational.ro\/fr\/politique-de-confidentialite\/"]}]},{"@type":"BreadcrumbList","@id":"https:\/\/mmginternational.ro\/fr\/politique-de-confidentialite\/#breadcrumb","itemListElement":[{"@type":"ListItem","position":1,"name":"Home","item":"https:\/\/mmginternational.ro\/fr\/"},{"@type":"ListItem","position":2,"name":"Politique de confidentialit\u00e9"}]},{"@type":"WebSite","@id":"https:\/\/mmginternational.ro\/fr\/#website","url":"https:\/\/mmginternational.ro\/fr\/","name":"MMG International","description":"Conseil en strat\u00e9gie, d\u00e9veloppement du capital humain","publisher":{"@id":"https:\/\/mmginternational.ro\/fr\/#organization"},"potentialAction":[{"@type":"SearchAction","target":{"@type":"EntryPoint","urlTemplate":"https:\/\/mmginternational.ro\/fr\/?s={search_term_string}"},"query-input":"required name=search_term_string"}],"inLanguage":"fr-FR"},{"@type":"Organization","@id":"https:\/\/mmginternational.ro\/fr\/#organization","name":"MMG International","url":"https:\/\/mmginternational.ro\/fr\/","logo":{"@type":"ImageObject","inLanguage":"fr-FR","@id":"https:\/\/mmginternational.ro\/fr\/#\/schema\/logo\/image\/","url":"https:\/\/mmginternational.ro\/wp-content\/uploads\/2022\/09\/logo-MMG-transparent.png","contentUrl":"https:\/\/mmginternational.ro\/wp-content\/uploads\/2022\/09\/logo-MMG-transparent.png","width":1132,"height":780,"caption":"MMG International"},"image":{"@id":"https:\/\/mmginternational.ro\/fr\/#\/schema\/logo\/image\/"}}]}},"_links":{"self":[{"href":"https:\/\/mmginternational.ro\/fr\/wp-json\/wp\/v2\/pages\/1364","targetHints":{"allow":["GET"]}}],"collection":[{"href":"https:\/\/mmginternational.ro\/fr\/wp-json\/wp\/v2\/pages"}],"about":[{"href":"https:\/\/mmginternational.ro\/fr\/wp-json\/wp\/v2\/types\/page"}],"author":[{"embeddable":true,"href":"https:\/\/mmginternational.ro\/fr\/wp-json\/wp\/v2\/users\/1"}],"replies":[{"embeddable":true,"href":"https:\/\/mmginternational.ro\/fr\/wp-json\/wp\/v2\/comments?post=1364"}],"version-history":[{"count":0,"href":"https:\/\/mmginternational.ro\/fr\/wp-json\/wp\/v2\/pages\/1364\/revisions"}],"wp:featuredmedia":[{"embeddable":true,"href":"https:\/\/mmginternational.ro\/fr\/wp-json\/wp\/v2\/media\/850"}],"wp:attachment":[{"href":"https:\/\/mmginternational.ro\/fr\/wp-json\/wp\/v2\/media?parent=1364"}],"curies":[{"name":"wp","href":"https:\/\/api.w.org\/{rel}","templated":true}]}}