{"id":1352,"date":"2022-09-19T15:00:58","date_gmt":"2022-09-19T15:00:58","guid":{"rendered":"https:\/\/mmginternational.ro\/politique-aux-cookies\/"},"modified":"2022-11-08T17:18:42","modified_gmt":"2022-11-08T17:18:42","slug":"politique-aux-cookies","status":"publish","type":"page","link":"https:\/\/mmginternational.ro\/fr\/politique-aux-cookies\/","title":{"rendered":"Politique aux cookies"},"content":{"rendered":"\n<p>Politique relative aux cookies<\/p>\n\n<div style=\"height:20px\" aria-hidden=\"true\" class=\"wp-block-spacer\"><\/div>\n\n<p><strong>1. Introduction<\/strong><\/p>\n\n<p>La pr\u00e9sente Politique relative aux cookies s\u2019applique \u00e0 tous les utilisateurs du site web mmginternational.ro. Les informations suivantes sont destin\u00e9es \u00e0 informer les utilisateurs de ce site web sur le placement, l\u2019utilisation et la gestion des cookies par <strong>MMG international<\/strong> dans le cadre de la navigation des utilisateurs sur ce site web.<\/p>\n\n<p><\/p>\n\n<div style=\"height:20px\" aria-hidden=\"true\" class=\"wp-block-spacer\"><\/div>\n\n<p><strong>2. Que sont les cookies?<\/strong><\/p>\n\n<p>Nous utilisons le terme \u00abcookies\u00bb pour d\u00e9signer les modules cookie et les technologies similaires par le biais desquels des informations peuvent \u00eatre collect\u00e9es automatiquement.&#13;\nUn \u00abcookie Internet\u00bb (\u00e9galement connu sous le nom de \u00abcookie de navigateur\u00bb ou \u00abcookie http\u00bb ou \u00abcookie\u00bb) est un petit fichier de lettres et de chiffres qui sera stock\u00e9 sur l\u2019ordinateur d\u2019un utilisateur, un appareil mobile ou tout autre \u00e9quipement par lequel on acc\u00e8de \u00e0 Internet.&#13;\nLes cookies sont cr\u00e9\u00e9s par une requ\u00eate d\u2019un serveur web \u00e0 un navigateur Internet (par exemple Microsoft Edge, Firefox, Chrome, Safari). Une fois install\u00e9s, les cookies ont une dur\u00e9e de vie fixe et restent \u00abpassifs\u00bb dans le sens o\u00f9 ils ne contiennent pas de logiciels, de virus ou de logiciels espions et n\u2019acc\u00e8dent pas aux informations du disque dur de l\u2019utilisateur sur l\u2019ordinateur duquel ils sont install\u00e9s.&#13;\nUn cookie se compose de deux parties: le nom du cookie et le contenu ou la valeur du cookie.&#13;\nTechniquement, seul le serveur web qui a envoy\u00e9 le cookie peut y acc\u00e9der \u00e0 nouveau lorsqu\u2019un utilisateur retourne sur la page web associ\u00e9e \u00e0 ce serveur web.<\/p>\n\n<p><\/p>\n\n<div style=\"height:20px\" aria-hidden=\"true\" class=\"wp-block-spacer\"><\/div>\n\n<p><strong>3. \u00c0 quelles fins les cookies sont-ils utilis\u00e9s sur ce site web?<\/strong><\/p>\n\n<p>Les cookies sont utilis\u00e9s pour offrir aux utilisateurs de ce site web une meilleure exp\u00e9rience de navigation et des services adapt\u00e9s aux besoins et aux int\u00e9r\u00eats de chaque utilisateur:<\/p>\n\n<ul class=\"wp-block-list\">\n<li>am\u00e9liorer l\u2019utilisation de ce site web, notamment en identifiant les erreurs qui se produisent lors de la visite\/utilisation de ce site par les utilisateurs;<\/li>\n\n\n\n<li>fournir des statistiques anonymes sur l\u2019utilisation de ce site \u00e0 MMG International en tant que propri\u00e9taire de ce site;&#13;\n<\/li>\n\n\n\n<li>anticiper les \u00e9ventuels biens futurs qui seront mis \u00e0 la disposition des utilisateurs via ce site web, en fonction des services\/produits auxquels ils acc\u00e8dent.<\/li>\n<\/ul>\n\n<p><\/p>\n\n<div style=\"height:20px\" aria-hidden=\"true\" class=\"wp-block-spacer\"><\/div>\n\n<p>Sur la base des informations transmises par les cookies sur l\u2019utilisation de ce site web, MMG International peut prendre des mesures pour rendre ce site plus efficace et plus accessible aux utilisateurs.&#13;\nAinsi, l\u2019utilisation de cookies permet de stocker certains param\u00e8tres\/pr\u00e9f\u00e9rences d\u00e9finis par les utilisateurs de ce site web, tels que:<\/p>\n\n<ul class=\"wp-block-list\">\n<li>la langue de visualisation d\u2019une page Internet;<\/li>\n\n\n\n<li>la monnaie dans laquelle certains prix ou tarifs sont exprim\u00e9s;<\/li>\n\n\n\n<li>faciliter l\u2019acc\u00e8s aux comptes des utilisateurs;<\/li>\n\n\n\n<li>publier des commentaires sur le site.<\/li>\n<\/ul>\n\n<p><\/p>\n\n<div style=\"height:20px\" aria-hidden=\"true\" class=\"wp-block-spacer\"><\/div>\n\n<p><\/p>\n\n<p><strong>4. Combien de temps les cookies durent-ils?<\/strong><\/p>\n\n<p>La dur\u00e9e de vie des cookies peut varier consid\u00e9rablement, en fonction de l\u2019objectif pour lequel ils sont plac\u00e9s. Il existe les cat\u00e9gories de cookies suivantes, qui d\u00e9terminent \u00e9galement leur dur\u00e9e de vie:<\/p>\n\n<ul class=\"wp-block-list\">\n<li>cookies de session &#8211; supprim\u00e9s automatiquement lorsque l\u2019utilisateur ferme son navigateur.<\/li>\n\n\n\n<li>cookies persistants ou fixes &#8211; restent stock\u00e9s sur le terminal de l\u2019utilisateur jusqu\u2019\u00e0 ce qu\u2019ils atteignent une certaine date d\u2019expiration (qui peut \u00eatre en minutes, jours ou quelques ann\u00e9es) ou jusqu\u2019\u00e0 ce que l\u2019utilisateur les supprime \u00e0 tout moment via les param\u00e8tres du navigateur.<\/li>\n<\/ul>\n\n<p><\/p>\n\n<div style=\"height:20px\" aria-hidden=\"true\" class=\"wp-block-spacer\"><\/div>\n\n<p><strong>5. Que sont les cookies tiers?<\/strong><\/p>\n\n<p>Certaines sections du contenu du site web peuvent \u00eatre fournies par des tiers, c\u2019est-\u00e0-dire ne pas par MMG International, auquel cas ces cookies sont appel\u00e9s \u00abcookies tiers\u00bb.&#13;\nLes fournisseurs de cookies tiers sont \u00e9galement dans l\u2019obligation de respecter les r\u00e8gles de protection des donn\u00e9es et la politique de confidentialit\u00e9 disponibles sur ce site web.&#13;\nCes cookies peuvent provenir des tiers suivants: Google Analytics.<\/p>\n\n<p><\/p>\n\n<div style=\"height:20px\" aria-hidden=\"true\" class=\"wp-block-spacer\"><\/div>\n\n<p><strong>6. Cookies utilis\u00e9s par ce site web:<\/strong><\/p>\n\n<p>En utilisant\/visitant ce site web, les cookies suivants peuvent \u00eatre plac\u00e9s:<\/p>\n\n<p>a. cookies de performance du site web;&#13;\nb. cookies d\u2019analyse des utilisateurs;&#13;\nc. cookies de localisation g\u00e9ographique.<\/p>\n\n<div style=\"height:20px\" aria-hidden=\"true\" class=\"wp-block-spacer\"><\/div>\n\n<p><em>a. Cookies de performance du site web <\/em>&#13;\nCe type de cookie stocke les pr\u00e9f\u00e9rences de l\u2019utilisateur de ce site web, de sorte qu\u2019il n\u2019est pas n\u00e9cessaire de d\u00e9finir \u00e0 nouveau ces pr\u00e9f\u00e9rences lors d\u2019une nouvelle visite du site web.&#13;\n<em>b. Cookies d\u2019analyse de l\u2019utilisateur<\/em>&#13;\nCes cookies nous indiquent si un utilisateur particulier du site web a d\u00e9j\u00e0 visit\u00e9\/utilis\u00e9 ce site web auparavant. Ces cookies sont utilis\u00e9s \u00e0 des fins statistiques uniquement.&#13;\n<em>c. Cookies de localisation g\u00e9ographique<\/em>&#13;\nCes cookies sont utilis\u00e9s par un logiciel qui d\u00e9termine le pays d\u2019origine de l\u2019utilisateur du site web. Les m\u00eames annonces seront re\u00e7ues quelle que soit la langue choisie.<\/p>\n\n<div style=\"height:20px\" aria-hidden=\"true\" class=\"wp-block-spacer\"><\/div>\n\n<p><strong>7. Quel type d\u2019information est stock\u00e9 et accessible par les cookies?<\/strong><\/p>\n\n<p>Les cookies stockent des informations dans un petit fichier texte qui permet de reconna\u00eetre le navigateur. Ce site web reconna\u00eet le navigateur jusqu\u2019\u00e0 ce que les cookies expirent ou soient supprim\u00e9s.<\/p>\n\n<div style=\"height:20px\" aria-hidden=\"true\" class=\"wp-block-spacer\"><\/div>\n\n<p><strong>8. Personnaliser les param\u00e8tres de votre navigateur pour les cookies<\/strong><\/p>\n\n<p>Si l\u2019utilisation des cookies n\u2019est pas intrusive et que l\u2019ordinateur ou l\u2019\u00e9quipement technique utilis\u00e9 pour naviguer sur ce site web n\u2019est utilis\u00e9 que par vous, de longues p\u00e9riodes d\u2019expiration peuvent \u00eatre d\u00e9finies pour le stockage de l\u2019historique de navigation.&#13;\nSi l\u2019ordinateur ou l\u2019\u00e9quipement technique utilis\u00e9 pour naviguer sur ce site web est utilis\u00e9 par plusieurs personnes, vous pouvez envisager de le param\u00e9trer pour qu\u2019il supprime les donn\u00e9es de navigation individuelles \u00e0 chaque fois que le navigateur est ferm\u00e9.<\/p>\n\n<p><\/p>\n\n<div style=\"height:20px\" aria-hidden=\"true\" class=\"wp-block-spacer\"><\/div>\n\n<p><strong>9. D\u00e9sactiver les cookies<\/strong><\/p>\n\n<p>La d\u00e9sactivation et le refus de recevoir des cookies peuvent rendre la visite de ce site web difficile, ce qui entra\u00eene une limitation de l\u2019utilisation de ce site.&#13;\nLes utilisateurs peuvent configurer leur navigateur de mani\u00e8re \u00e0 rejeter les cookies ou \u00e0 accepter les cookies d\u2019un site web sp\u00e9cifique.&#13;\nTous les navigateurs modernes offrent la possibilit\u00e9 de modifier les param\u00e8tres des cookies. Ces param\u00e8tres sont accessibles, en r\u00e8gle g\u00e9n\u00e9rale, dans la section \u00abOptions\u00bb ou dans le menu \u00abPr\u00e9f\u00e9rences\u00bb du navigateur.&#13;\nToutefois, le fait de refuser ou de d\u00e9sactiver les cookies ne signifie pas que vous ne recevrez plus de publicit\u00e9 en ligne, mais seulement qu\u2019elle ne sera pas adapt\u00e9e \u00e0 vos pr\u00e9f\u00e9rences et \u00e0 vos int\u00e9r\u00eats, comme en t\u00e9moigne votre comportement de navigation.<\/p>\n\n<p>Pour comprendre ces param\u00e8tres, vous pouvez consulter les liens suivants:&#13;\n&#13;\n<a href=\"https:\/\/support.microsoft.com\/en-us\/microsoft-edge\/view-cookies-in-microsoft-edge-a7d95376-f2cd-8e4a-25dc-1de753474879\">Cookie settings in Microsoft Edge<\/a>&#13;\n<a href=\"https:\/\/support.mozilla.org\/en-US\/kb\/enable-and-disable-cookies-website-preferences\">Cookie settings in Firefox<\/a>&#13;\n<a href=\"https:\/\/support.google.com\/chrome\/answer\/95647\">Cookie settings in Chrome<\/a>&#13;\n<a href=\"https:\/\/support.apple.com\/kb\/ph21411\">Cookie settings in Safari<\/a>&#13;\n&#13;\n\u00a0<\/p>\n\n<p><\/p>\n","protected":false},"excerpt":{"rendered":"<p>Politique relative aux cookies 1. Introduction La pr\u00e9sente Politique relative aux cookies s\u2019applique \u00e0 tous les utilisateurs du site web mmginternational.ro. Les informations suivantes sont destin\u00e9es \u00e0 informer les utilisateurs de ce site web sur le placement, l\u2019utilisation et la gestion des cookies par MMG international dans le cadre de la navigation des utilisateurs sur [&hellip;]<\/p>\n","protected":false},"author":4,"featured_media":836,"parent":0,"menu_order":0,"comment_status":"closed","ping_status":"closed","template":"","meta":{"footnotes":""},"class_list":["post-1352","page","type-page","status-publish","has-post-thumbnail","hentry"],"yoast_head":"<!-- This site is optimized with the Yoast SEO plugin v19.13 - https:\/\/yoast.com\/wordpress\/plugins\/seo\/ -->\n<title>Politique aux cookies - MMG International<\/title>\n<meta name=\"robots\" content=\"index, follow, max-snippet:-1, max-image-preview:large, max-video-preview:-1\" \/>\n<link rel=\"canonical\" href=\"https:\/\/mmginternational.ro\/fr\/politique-aux-cookies\/\" \/>\n<meta property=\"og:locale\" content=\"fr_FR\" \/>\n<meta property=\"og:type\" content=\"article\" \/>\n<meta property=\"og:title\" content=\"Politique aux cookies - MMG International\" \/>\n<meta property=\"og:description\" content=\"Politique relative aux cookies 1. Introduction La pr\u00e9sente Politique relative aux cookies s\u2019applique \u00e0 tous les utilisateurs du site web mmginternational.ro. Les informations suivantes sont destin\u00e9es \u00e0 informer les utilisateurs de ce site web sur le placement, l\u2019utilisation et la gestion des cookies par MMG international dans le cadre de la navigation des utilisateurs sur [&hellip;]\" \/>\n<meta property=\"og:url\" content=\"https:\/\/mmginternational.ro\/fr\/politique-aux-cookies\/\" \/>\n<meta property=\"og:site_name\" content=\"MMG International\" \/>\n<meta property=\"article:modified_time\" content=\"2022-11-08T17:18:42+00:00\" \/>\n<meta property=\"og:image\" content=\"https:\/\/mmginternational.ro\/wp-content\/uploads\/2022\/09\/young-asia-businesswoman-using-laptop-talk-colleague-about-plan-video-call-meeting-while-work-from-home-living-room.jpg\" \/>\n\t<meta property=\"og:image:width\" content=\"1280\" \/>\n\t<meta property=\"og:image:height\" content=\"720\" \/>\n\t<meta property=\"og:image:type\" content=\"image\/jpeg\" \/>\n<meta name=\"twitter:card\" content=\"summary_large_image\" \/>\n<meta name=\"twitter:label1\" content=\"Dur\u00e9e de lecture estim\u00e9e\" \/>\n\t<meta name=\"twitter:data1\" content=\"6 minutes\" \/>\n<script type=\"application\/ld+json\" class=\"yoast-schema-graph\">{\"@context\":\"https:\/\/schema.org\",\"@graph\":[{\"@type\":\"WebPage\",\"@id\":\"https:\/\/mmginternational.ro\/fr\/politique-aux-cookies\/\",\"url\":\"https:\/\/mmginternational.ro\/fr\/politique-aux-cookies\/\",\"name\":\"Politique aux cookies - MMG International\",\"isPartOf\":{\"@id\":\"https:\/\/mmginternational.ro\/fr\/#website\"},\"datePublished\":\"2022-09-19T15:00:58+00:00\",\"dateModified\":\"2022-11-08T17:18:42+00:00\",\"breadcrumb\":{\"@id\":\"https:\/\/mmginternational.ro\/fr\/politique-aux-cookies\/#breadcrumb\"},\"inLanguage\":\"fr-FR\",\"potentialAction\":[{\"@type\":\"ReadAction\",\"target\":[\"https:\/\/mmginternational.ro\/fr\/politique-aux-cookies\/\"]}]},{\"@type\":\"BreadcrumbList\",\"@id\":\"https:\/\/mmginternational.ro\/fr\/politique-aux-cookies\/#breadcrumb\",\"itemListElement\":[{\"@type\":\"ListItem\",\"position\":1,\"name\":\"Home\",\"item\":\"https:\/\/mmginternational.ro\/fr\/\"},{\"@type\":\"ListItem\",\"position\":2,\"name\":\"Politique aux cookies\"}]},{\"@type\":\"WebSite\",\"@id\":\"https:\/\/mmginternational.ro\/fr\/#website\",\"url\":\"https:\/\/mmginternational.ro\/fr\/\",\"name\":\"MMG International\",\"description\":\"Conseil en strat\u00e9gie, d\u00e9veloppement du capital humain\",\"publisher\":{\"@id\":\"https:\/\/mmginternational.ro\/fr\/#organization\"},\"potentialAction\":[{\"@type\":\"SearchAction\",\"target\":{\"@type\":\"EntryPoint\",\"urlTemplate\":\"https:\/\/mmginternational.ro\/fr\/?s={search_term_string}\"},\"query-input\":\"required name=search_term_string\"}],\"inLanguage\":\"fr-FR\"},{\"@type\":\"Organization\",\"@id\":\"https:\/\/mmginternational.ro\/fr\/#organization\",\"name\":\"MMG International\",\"url\":\"https:\/\/mmginternational.ro\/fr\/\",\"logo\":{\"@type\":\"ImageObject\",\"inLanguage\":\"fr-FR\",\"@id\":\"https:\/\/mmginternational.ro\/fr\/#\/schema\/logo\/image\/\",\"url\":\"https:\/\/mmginternational.ro\/wp-content\/uploads\/2022\/09\/logo-MMG-transparent.png\",\"contentUrl\":\"https:\/\/mmginternational.ro\/wp-content\/uploads\/2022\/09\/logo-MMG-transparent.png\",\"width\":1132,\"height\":780,\"caption\":\"MMG International\"},\"image\":{\"@id\":\"https:\/\/mmginternational.ro\/fr\/#\/schema\/logo\/image\/\"}}]}<\/script>\n<!-- \/ Yoast SEO plugin. -->","yoast_head_json":{"title":"Politique aux cookies - MMG International","robots":{"index":"index","follow":"follow","max-snippet":"max-snippet:-1","max-image-preview":"max-image-preview:large","max-video-preview":"max-video-preview:-1"},"canonical":"https:\/\/mmginternational.ro\/fr\/politique-aux-cookies\/","og_locale":"fr_FR","og_type":"article","og_title":"Politique aux cookies - MMG International","og_description":"Politique relative aux cookies 1. Introduction La pr\u00e9sente Politique relative aux cookies s\u2019applique \u00e0 tous les utilisateurs du site web mmginternational.ro. Les informations suivantes sont destin\u00e9es \u00e0 informer les utilisateurs de ce site web sur le placement, l\u2019utilisation et la gestion des cookies par MMG international dans le cadre de la navigation des utilisateurs sur [&hellip;]","og_url":"https:\/\/mmginternational.ro\/fr\/politique-aux-cookies\/","og_site_name":"MMG International","article_modified_time":"2022-11-08T17:18:42+00:00","og_image":[{"width":1280,"height":720,"url":"https:\/\/mmginternational.ro\/wp-content\/uploads\/2022\/09\/young-asia-businesswoman-using-laptop-talk-colleague-about-plan-video-call-meeting-while-work-from-home-living-room.jpg","type":"image\/jpeg"}],"twitter_card":"summary_large_image","twitter_misc":{"Dur\u00e9e de lecture estim\u00e9e":"6 minutes"},"schema":{"@context":"https:\/\/schema.org","@graph":[{"@type":"WebPage","@id":"https:\/\/mmginternational.ro\/fr\/politique-aux-cookies\/","url":"https:\/\/mmginternational.ro\/fr\/politique-aux-cookies\/","name":"Politique aux cookies - MMG International","isPartOf":{"@id":"https:\/\/mmginternational.ro\/fr\/#website"},"datePublished":"2022-09-19T15:00:58+00:00","dateModified":"2022-11-08T17:18:42+00:00","breadcrumb":{"@id":"https:\/\/mmginternational.ro\/fr\/politique-aux-cookies\/#breadcrumb"},"inLanguage":"fr-FR","potentialAction":[{"@type":"ReadAction","target":["https:\/\/mmginternational.ro\/fr\/politique-aux-cookies\/"]}]},{"@type":"BreadcrumbList","@id":"https:\/\/mmginternational.ro\/fr\/politique-aux-cookies\/#breadcrumb","itemListElement":[{"@type":"ListItem","position":1,"name":"Home","item":"https:\/\/mmginternational.ro\/fr\/"},{"@type":"ListItem","position":2,"name":"Politique aux cookies"}]},{"@type":"WebSite","@id":"https:\/\/mmginternational.ro\/fr\/#website","url":"https:\/\/mmginternational.ro\/fr\/","name":"MMG International","description":"Conseil en strat\u00e9gie, d\u00e9veloppement du capital humain","publisher":{"@id":"https:\/\/mmginternational.ro\/fr\/#organization"},"potentialAction":[{"@type":"SearchAction","target":{"@type":"EntryPoint","urlTemplate":"https:\/\/mmginternational.ro\/fr\/?s={search_term_string}"},"query-input":"required name=search_term_string"}],"inLanguage":"fr-FR"},{"@type":"Organization","@id":"https:\/\/mmginternational.ro\/fr\/#organization","name":"MMG International","url":"https:\/\/mmginternational.ro\/fr\/","logo":{"@type":"ImageObject","inLanguage":"fr-FR","@id":"https:\/\/mmginternational.ro\/fr\/#\/schema\/logo\/image\/","url":"https:\/\/mmginternational.ro\/wp-content\/uploads\/2022\/09\/logo-MMG-transparent.png","contentUrl":"https:\/\/mmginternational.ro\/wp-content\/uploads\/2022\/09\/logo-MMG-transparent.png","width":1132,"height":780,"caption":"MMG International"},"image":{"@id":"https:\/\/mmginternational.ro\/fr\/#\/schema\/logo\/image\/"}}]}},"_links":{"self":[{"href":"https:\/\/mmginternational.ro\/fr\/wp-json\/wp\/v2\/pages\/1352","targetHints":{"allow":["GET"]}}],"collection":[{"href":"https:\/\/mmginternational.ro\/fr\/wp-json\/wp\/v2\/pages"}],"about":[{"href":"https:\/\/mmginternational.ro\/fr\/wp-json\/wp\/v2\/types\/page"}],"author":[{"embeddable":true,"href":"https:\/\/mmginternational.ro\/fr\/wp-json\/wp\/v2\/users\/4"}],"replies":[{"embeddable":true,"href":"https:\/\/mmginternational.ro\/fr\/wp-json\/wp\/v2\/comments?post=1352"}],"version-history":[{"count":0,"href":"https:\/\/mmginternational.ro\/fr\/wp-json\/wp\/v2\/pages\/1352\/revisions"}],"wp:featuredmedia":[{"embeddable":true,"href":"https:\/\/mmginternational.ro\/fr\/wp-json\/wp\/v2\/media\/836"}],"wp:attachment":[{"href":"https:\/\/mmginternational.ro\/fr\/wp-json\/wp\/v2\/media?parent=1352"}],"curies":[{"name":"wp","href":"https:\/\/api.w.org\/{rel}","templated":true}]}}