{"id":1254,"date":"2022-09-08T13:38:34","date_gmt":"2022-09-08T13:38:34","guid":{"rendered":"https:\/\/mmginternational.ro\/consulting\/"},"modified":"2023-01-21T14:03:10","modified_gmt":"2023-01-21T14:03:10","slug":"consulting","status":"publish","type":"page","link":"https:\/\/mmginternational.ro\/fr\/consulting\/","title":{"rendered":"Consulting"},"content":{"rendered":"\n<h5 class=\"has-text-align-left wp-block-heading\">Conseil aux entreprises <\/h5>\n\n\n\n<p><span class=\"TextRun SCXW209604322 BCX0\" xml:lang=\"FR-FR\" data-contrast=\"auto\" lang=\"FR-FR\"><span class=\"NormalTextRun SCXW209604322 BCX0\">Cr\u00e9er une <\/span><span class=\"NormalTextRun SCXW209604322 BCX0\">vision durable du d\u00e9veloppement de votre entreprise<\/span><\/span><span class=\"EOP SCXW209604322 BCX0\" data-ccp-props=\"{&quot;201341983&quot;:0,&quot;335559740&quot;:259}\">&nbsp;<\/span><\/p>\n\n\n\n<p>Comment d\u00e9finir la strat\u00e9gie de votre entreprise? Comment cr\u00e9er de la valeur pour vos clients, vos salari\u00e9s, vos actionnaires? Comment d\u00e9velopper votre entreprise durablement?\r\n\r\nLe monde de l\u2019entreprise est en perp\u00e9tuelle \u00e9volution, nous vous aidons dans le d\u00e9veloppement strat\u00e9gique de votre soci\u00e9t\u00e9.<\/p>\n\n\n\n<div style=\"height:30px\" aria-hidden=\"true\" class=\"wp-block-spacer\"><\/div>\n\n\n\n<p><strong>Sp\u00e9cialistes roumains et fran\u00e7ais jouissant d\u2019une solide r\u00e9putation dans l\u2019accompagnement et la gestion de soci\u00e9t\u00e9s multinationales et PME.<\/strong><\/p>\n\n\n\n<p><strong>Investisseurs, patrons, directeurs g\u00e9n\u00e9raux<\/strong><\/p>\n\n\n\n<div style=\"height:30px\" aria-hidden=\"true\" class=\"wp-block-spacer\"><\/div>\n\n\n\n<h5 class=\"has-text-align-left wp-block-heading\">CONSEIL EN STRAT\u00c9GIE <\/h5>\n\n\n\n<p>Fournir des conseils pour d\u00e9velopper durablement l\u2019entreprise  <\/p>\n\n\n\n<ul class=\"wp-block-list\">\n<li>Cr\u00e9er et d\u00e9velopper son entreprise<\/li>\n\n\n\n<li>Strat\u00e9gie de d\u00e9veloppement<\/li>\n\n\n\n<li>Optimisation des co\u00fbts<\/li>\n\n\n\n<li>Gestion des risques<\/li>\n\n\n\n<li>Mise en relation avec des partenaires en France et en Roumanie (clients, fournisseurs)<\/li>\n<\/ul>\n\n\n\n<div style=\"height:30px\" aria-hidden=\"true\" class=\"wp-block-spacer\"><\/div>\n\n\n\n<h5 class=\"has-text-align-left wp-block-heading\">PERFORMANCE ACCELERATOR MICRO \u2013 PME FRAN\u00c7AISES EN ROUMANIE <\/h5>\n\n\n\n<p>Vous voulez d\u00e9velopper votre activit\u00e9 en Roumanie\r\nMMG International vous aide dans votre r\u00e9ussite:<\/p>\n\n\n\n<ul class=\"wp-block-list\">\n<li>Culture, m\u00e9thodes, strat\u00e9gie<\/li>\n\n\n\n<li>MIse en relation avec des partenaires francophones fiables<\/li>\n<\/ul>\n\n\n\n<div style=\"height:30px\" aria-hidden=\"true\" class=\"wp-block-spacer\"><\/div>\n\n\n\n<h5 class=\"has-text-align-left wp-block-heading\">PERFORMANCE ACCELERATOR MICRO \u2013 PME ROUMAINES POUR LA FRANCE<\/h5>\n\n\n\n<p>Vous voulez d\u00e9velopper votre activit\u00e9 en France\r\nMMG International vous aide dans votre r\u00e9ussite:<\/p>\n\n\n\n<ul class=\"wp-block-list\">\n<li>Culture, m\u00e9thodes, strat\u00e9gie<\/li>\n\n\n\n<li>Mise en relation avec des partenaires fiables<\/li>\n<\/ul>\n\n\n\n<div style=\"height:30px\" aria-hidden=\"true\" class=\"wp-block-spacer\"><\/div>\n\n\n\n<h5 class=\"wp-block-heading\">MARKETING&nbsp;<\/h5>\n\n\n\n<p>D\u00e9velopper le chiffre d\u2019affaires de vos services et\/ou produits gr\u00e2ce aux meilleurs m\u00e9thodes marketing des multinationales appliqu\u00e9es aux PMEs. <\/p>\n\n\n\n<div style=\"height:30px\" aria-hidden=\"true\" class=\"wp-block-spacer\"><\/div>\n\n\n\n<h5 class=\"has-text-align-left wp-block-heading\">CERTIFICATION <\/h5>\n\n\n\n<p><strong>Bureau Veritas<\/strong><\/p>\n\n\n\n<p>194 ans d&rsquo;exp\u00e9rience, leader mondial des services d&rsquo;inspection, de v\u00e9rification et de certification en mati\u00e8re de qualit\u00e9, d&rsquo;environnement, de sant\u00e9, de s\u00e9curit\u00e9 et de responsabilit\u00e9 sociale QHSE-SA. <\/p>\n\n\n\n<p><\/p>\n\n\n\n<ol class=\"wp-block-list\">\n<li>Certification<\/li>\n\n\n\n<li>Services de construction<\/li>\n\n\n\n<li>Gestion des risques au travail \/ h&amp;s<\/li>\n\n\n\n<li>Gestion des risques industriels<\/li>\n\n\n\n<li>Contr\u00f4les techniques<\/li>\n\n\n\n<li>Services gouvernementaux et commerce international<\/li>\n\n\n\n<li>Tester des biens de consommation<\/li>\n\n\n\n<li>Essais et inspections<\/li>\n\n\n\n<li>Smart world&nbsp;<\/li>\n\n\n\n<li>Classification et certification marine<\/li>\n\n\n\n<li>Classification et certification offshore<\/li>\n\n\n\n<li>Test et analyse<\/li>\n\n\n\n<li>Services personnalis\u00e9s<\/li>\n\n\n\n<li>Contr\u00f4les<\/li>\n<\/ol>\n\n\n\n<div style=\"height:30px\" aria-hidden=\"true\" class=\"wp-block-spacer\"><\/div>\n\n\n\n<div class=\"wp-block-group\"><div class=\"wp-block-group__inner-container is-layout-flow wp-block-group-is-layout-flow\">\n<p>Pour en savoir plus, rendez-vous \u00e0 l&rsquo;adresse:  <a href=\"https:\/\/www.bureauveritas.ro\/\" target=\"_blank\" rel=\"noreferrer noopener\">www.bureauveritas.ro<\/a><\/p>\n<\/div><\/div>\n\n\n\n<p><\/p>\n\n\n\n<div style=\"height:30px\" aria-hidden=\"true\" class=\"wp-block-spacer\"><\/div>\n","protected":false},"excerpt":{"rendered":"<p>Conseil aux entreprises Cr\u00e9er une vision durable du d\u00e9veloppement de votre entreprise&nbsp; Comment d\u00e9finir la strat\u00e9gie de votre entreprise? Comment cr\u00e9er de la valeur pour vos clients, vos salari\u00e9s, vos actionnaires? Comment d\u00e9velopper votre entreprise durablement? Le monde de l\u2019entreprise est en perp\u00e9tuelle \u00e9volution, nous vous aidons dans le d\u00e9veloppement strat\u00e9gique de votre soci\u00e9t\u00e9. Sp\u00e9cialistes [&hellip;]<\/p>\n","protected":false},"author":4,"featured_media":845,"parent":0,"menu_order":0,"comment_status":"closed","ping_status":"closed","template":"","meta":{"footnotes":""},"class_list":["post-1254","page","type-page","status-publish","has-post-thumbnail","hentry"],"yoast_head":"<!-- This site is optimized with the Yoast SEO plugin v19.13 - https:\/\/yoast.com\/wordpress\/plugins\/seo\/ -->\n<title>Consulting - MMG International<\/title>\n<meta name=\"robots\" content=\"index, follow, max-snippet:-1, max-image-preview:large, max-video-preview:-1\" \/>\n<link rel=\"canonical\" href=\"https:\/\/mmginternational.ro\/fr\/consulting\/\" \/>\n<meta property=\"og:locale\" content=\"fr_FR\" \/>\n<meta property=\"og:type\" content=\"article\" \/>\n<meta property=\"og:title\" content=\"Consulting - MMG International\" \/>\n<meta property=\"og:description\" content=\"Conseil aux entreprises Cr\u00e9er une vision durable du d\u00e9veloppement de votre entreprise&nbsp; Comment d\u00e9finir la strat\u00e9gie de votre entreprise? Comment cr\u00e9er de la valeur pour vos clients, vos salari\u00e9s, vos actionnaires? Comment d\u00e9velopper votre entreprise durablement? Le monde de l\u2019entreprise est en perp\u00e9tuelle \u00e9volution, nous vous aidons dans le d\u00e9veloppement strat\u00e9gique de votre soci\u00e9t\u00e9. Sp\u00e9cialistes [&hellip;]\" \/>\n<meta property=\"og:url\" content=\"https:\/\/mmginternational.ro\/fr\/consulting\/\" \/>\n<meta property=\"og:site_name\" content=\"MMG International\" \/>\n<meta property=\"article:modified_time\" content=\"2023-01-21T14:03:10+00:00\" \/>\n<meta property=\"og:image\" content=\"https:\/\/mmginternational.ro\/wp-content\/uploads\/2022\/09\/businessman-holding-creative-light-bulb-with-growth-graph-banking-icons-financial-technology-scaled.jpg\" \/>\n\t<meta property=\"og:image:width\" content=\"2560\" \/>\n\t<meta property=\"og:image:height\" content=\"1164\" \/>\n\t<meta property=\"og:image:type\" content=\"image\/jpeg\" \/>\n<meta name=\"twitter:card\" content=\"summary_large_image\" \/>\n<meta name=\"twitter:label1\" content=\"Dur\u00e9e de lecture estim\u00e9e\" \/>\n\t<meta name=\"twitter:data1\" content=\"2 minutes\" \/>\n<script type=\"application\/ld+json\" class=\"yoast-schema-graph\">{\"@context\":\"https:\/\/schema.org\",\"@graph\":[{\"@type\":\"WebPage\",\"@id\":\"https:\/\/mmginternational.ro\/fr\/consulting\/\",\"url\":\"https:\/\/mmginternational.ro\/fr\/consulting\/\",\"name\":\"Consulting - MMG International\",\"isPartOf\":{\"@id\":\"https:\/\/mmginternational.ro\/fr\/#website\"},\"datePublished\":\"2022-09-08T13:38:34+00:00\",\"dateModified\":\"2023-01-21T14:03:10+00:00\",\"breadcrumb\":{\"@id\":\"https:\/\/mmginternational.ro\/fr\/consulting\/#breadcrumb\"},\"inLanguage\":\"fr-FR\",\"potentialAction\":[{\"@type\":\"ReadAction\",\"target\":[\"https:\/\/mmginternational.ro\/fr\/consulting\/\"]}]},{\"@type\":\"BreadcrumbList\",\"@id\":\"https:\/\/mmginternational.ro\/fr\/consulting\/#breadcrumb\",\"itemListElement\":[{\"@type\":\"ListItem\",\"position\":1,\"name\":\"Home\",\"item\":\"https:\/\/mmginternational.ro\/fr\/\"},{\"@type\":\"ListItem\",\"position\":2,\"name\":\"Consulting\"}]},{\"@type\":\"WebSite\",\"@id\":\"https:\/\/mmginternational.ro\/fr\/#website\",\"url\":\"https:\/\/mmginternational.ro\/fr\/\",\"name\":\"MMG International\",\"description\":\"Conseil en strat\u00e9gie, d\u00e9veloppement du capital humain\",\"publisher\":{\"@id\":\"https:\/\/mmginternational.ro\/fr\/#organization\"},\"potentialAction\":[{\"@type\":\"SearchAction\",\"target\":{\"@type\":\"EntryPoint\",\"urlTemplate\":\"https:\/\/mmginternational.ro\/fr\/?s={search_term_string}\"},\"query-input\":\"required name=search_term_string\"}],\"inLanguage\":\"fr-FR\"},{\"@type\":\"Organization\",\"@id\":\"https:\/\/mmginternational.ro\/fr\/#organization\",\"name\":\"MMG International\",\"url\":\"https:\/\/mmginternational.ro\/fr\/\",\"logo\":{\"@type\":\"ImageObject\",\"inLanguage\":\"fr-FR\",\"@id\":\"https:\/\/mmginternational.ro\/fr\/#\/schema\/logo\/image\/\",\"url\":\"https:\/\/mmginternational.ro\/wp-content\/uploads\/2022\/09\/logo-MMG-transparent.png\",\"contentUrl\":\"https:\/\/mmginternational.ro\/wp-content\/uploads\/2022\/09\/logo-MMG-transparent.png\",\"width\":1132,\"height\":780,\"caption\":\"MMG International\"},\"image\":{\"@id\":\"https:\/\/mmginternational.ro\/fr\/#\/schema\/logo\/image\/\"}}]}<\/script>\n<!-- \/ Yoast SEO plugin. -->","yoast_head_json":{"title":"Consulting - MMG International","robots":{"index":"index","follow":"follow","max-snippet":"max-snippet:-1","max-image-preview":"max-image-preview:large","max-video-preview":"max-video-preview:-1"},"canonical":"https:\/\/mmginternational.ro\/fr\/consulting\/","og_locale":"fr_FR","og_type":"article","og_title":"Consulting - MMG International","og_description":"Conseil aux entreprises Cr\u00e9er une vision durable du d\u00e9veloppement de votre entreprise&nbsp; Comment d\u00e9finir la strat\u00e9gie de votre entreprise? Comment cr\u00e9er de la valeur pour vos clients, vos salari\u00e9s, vos actionnaires? Comment d\u00e9velopper votre entreprise durablement? Le monde de l\u2019entreprise est en perp\u00e9tuelle \u00e9volution, nous vous aidons dans le d\u00e9veloppement strat\u00e9gique de votre soci\u00e9t\u00e9. Sp\u00e9cialistes [&hellip;]","og_url":"https:\/\/mmginternational.ro\/fr\/consulting\/","og_site_name":"MMG International","article_modified_time":"2023-01-21T14:03:10+00:00","og_image":[{"width":2560,"height":1164,"url":"https:\/\/mmginternational.ro\/wp-content\/uploads\/2022\/09\/businessman-holding-creative-light-bulb-with-growth-graph-banking-icons-financial-technology-scaled.jpg","type":"image\/jpeg"}],"twitter_card":"summary_large_image","twitter_misc":{"Dur\u00e9e de lecture estim\u00e9e":"2 minutes"},"schema":{"@context":"https:\/\/schema.org","@graph":[{"@type":"WebPage","@id":"https:\/\/mmginternational.ro\/fr\/consulting\/","url":"https:\/\/mmginternational.ro\/fr\/consulting\/","name":"Consulting - MMG International","isPartOf":{"@id":"https:\/\/mmginternational.ro\/fr\/#website"},"datePublished":"2022-09-08T13:38:34+00:00","dateModified":"2023-01-21T14:03:10+00:00","breadcrumb":{"@id":"https:\/\/mmginternational.ro\/fr\/consulting\/#breadcrumb"},"inLanguage":"fr-FR","potentialAction":[{"@type":"ReadAction","target":["https:\/\/mmginternational.ro\/fr\/consulting\/"]}]},{"@type":"BreadcrumbList","@id":"https:\/\/mmginternational.ro\/fr\/consulting\/#breadcrumb","itemListElement":[{"@type":"ListItem","position":1,"name":"Home","item":"https:\/\/mmginternational.ro\/fr\/"},{"@type":"ListItem","position":2,"name":"Consulting"}]},{"@type":"WebSite","@id":"https:\/\/mmginternational.ro\/fr\/#website","url":"https:\/\/mmginternational.ro\/fr\/","name":"MMG International","description":"Conseil en strat\u00e9gie, d\u00e9veloppement du capital humain","publisher":{"@id":"https:\/\/mmginternational.ro\/fr\/#organization"},"potentialAction":[{"@type":"SearchAction","target":{"@type":"EntryPoint","urlTemplate":"https:\/\/mmginternational.ro\/fr\/?s={search_term_string}"},"query-input":"required name=search_term_string"}],"inLanguage":"fr-FR"},{"@type":"Organization","@id":"https:\/\/mmginternational.ro\/fr\/#organization","name":"MMG International","url":"https:\/\/mmginternational.ro\/fr\/","logo":{"@type":"ImageObject","inLanguage":"fr-FR","@id":"https:\/\/mmginternational.ro\/fr\/#\/schema\/logo\/image\/","url":"https:\/\/mmginternational.ro\/wp-content\/uploads\/2022\/09\/logo-MMG-transparent.png","contentUrl":"https:\/\/mmginternational.ro\/wp-content\/uploads\/2022\/09\/logo-MMG-transparent.png","width":1132,"height":780,"caption":"MMG International"},"image":{"@id":"https:\/\/mmginternational.ro\/fr\/#\/schema\/logo\/image\/"}}]}},"_links":{"self":[{"href":"https:\/\/mmginternational.ro\/fr\/wp-json\/wp\/v2\/pages\/1254","targetHints":{"allow":["GET"]}}],"collection":[{"href":"https:\/\/mmginternational.ro\/fr\/wp-json\/wp\/v2\/pages"}],"about":[{"href":"https:\/\/mmginternational.ro\/fr\/wp-json\/wp\/v2\/types\/page"}],"author":[{"embeddable":true,"href":"https:\/\/mmginternational.ro\/fr\/wp-json\/wp\/v2\/users\/4"}],"replies":[{"embeddable":true,"href":"https:\/\/mmginternational.ro\/fr\/wp-json\/wp\/v2\/comments?post=1254"}],"version-history":[{"count":5,"href":"https:\/\/mmginternational.ro\/fr\/wp-json\/wp\/v2\/pages\/1254\/revisions"}],"predecessor-version":[{"id":2278,"href":"https:\/\/mmginternational.ro\/fr\/wp-json\/wp\/v2\/pages\/1254\/revisions\/2278"}],"wp:featuredmedia":[{"embeddable":true,"href":"https:\/\/mmginternational.ro\/fr\/wp-json\/wp\/v2\/media\/845"}],"wp:attachment":[{"href":"https:\/\/mmginternational.ro\/fr\/wp-json\/wp\/v2\/media?parent=1254"}],"curies":[{"name":"wp","href":"https:\/\/api.w.org\/{rel}","templated":true}]}}