{"id":1213,"date":"2022-09-08T13:44:04","date_gmt":"2022-09-08T13:44:04","guid":{"rendered":"https:\/\/mmginternational.ro\/academy\/learning\/finance-pour-les-managers\/"},"modified":"2023-01-07T08:58:56","modified_gmt":"2023-01-07T08:58:56","slug":"finance-pour-les-managers","status":"publish","type":"page","link":"https:\/\/mmginternational.ro\/fr\/academy\/learning\/finance-pour-les-managers\/","title":{"rendered":"Finance pour les managers"},"content":{"rendered":"\t\t<div data-elementor-type=\"wp-page\" data-elementor-id=\"1213\" class=\"elementor elementor-1213 elementor-347\">\n\t\t\t\t\t\t\t\t\t<section class=\"elementor-section elementor-top-section elementor-element elementor-element-786e145c elementor-section-boxed elementor-section-height-default elementor-section-height-default\" data-id=\"786e145c\" data-element_type=\"section\" data-settings=\"{&quot;jet_parallax_layout_list&quot;:[]}\">\n\t\t\t\t\t\t<div class=\"elementor-container elementor-column-gap-default\">\n\t\t\t\t\t<div class=\"elementor-column elementor-col-100 elementor-top-column elementor-element elementor-element-7542f9a3\" data-id=\"7542f9a3\" data-element_type=\"column\">\n\t\t\t<div class=\"elementor-widget-wrap elementor-element-populated\">\n\t\t\t\t\t\t\t\t<div class=\"elementor-element elementor-element-57d7324f elementor-widget elementor-widget-text-editor\" data-id=\"57d7324f\" data-element_type=\"widget\" data-widget_type=\"text-editor.default\">\n\t\t\t\t<div class=\"elementor-widget-container\">\n\t\t\t<style>\/*! elementor - v3.9.2 - 21-12-2022 *\/\n.elementor-widget-text-editor.elementor-drop-cap-view-stacked .elementor-drop-cap{background-color:#818a91;color:#fff}.elementor-widget-text-editor.elementor-drop-cap-view-framed .elementor-drop-cap{color:#818a91;border:3px solid;background-color:transparent}.elementor-widget-text-editor:not(.elementor-drop-cap-view-default) .elementor-drop-cap{margin-top:8px}.elementor-widget-text-editor:not(.elementor-drop-cap-view-default) .elementor-drop-cap-letter{width:1em;height:1em}.elementor-widget-text-editor .elementor-drop-cap{float:left;text-align:center;line-height:1;font-size:50px}.elementor-widget-text-editor .elementor-drop-cap-letter{display:inline-block}<\/style>\t\t\t\t<p>Un bon manager doit \u00e9galement comprendre la gestion financi\u00e8re de son service ou de son entreprise. Mesurer l&rsquo;impact de ses d\u00e9cisions sur le d\u00e9veloppement de son d\u00e9partement ou de son entreprise.<\/p><p>\u00a0<\/p><p><strong>1. FINANCES<\/strong><\/p><p>Comprendre les exigences de rentabilit\u00e9 de l&rsquo;entreprise. <br \/>Comprendre les m\u00e9canismes financiers indispensable \u00e0 tout cadre sup\u00e9rieur et cadre. <br \/>Mesurer l\u2019impact de ses d\u00e9cisions sur la sant\u00e9 financi\u00e8re de l\u2019entreprise. Identifier les points \u00e0 am\u00e9liorer pour accroitre la rentabilit\u00e9.<br \/>Dialoguer efficacement avec les comptables et financiers.<\/p><p>\u00a0<\/p><p><strong>2. BUDGET<\/strong><\/p><p>Buget &#8211; Business plan<\/p><p>Apprendre \u00e0 pr\u00e9parer son budget, son Business plan pour mieux g\u00e9rer son d\u00e9partement, son entreprise. <br \/>La r\u00e9alisation de votre budget est essentielle pour d\u00e9terminer votre strat\u00e9gie de d\u00e9veloppement, vos objectifs. <br \/>Comment r\u00e9aliser un Budget<\/p><p>\u00a0<\/p><p><strong>3. TABLEAU DE BORD<\/strong><\/p><p>La r\u00e9alisation de votre tableau de bord est essentielle pour suivre votre strat\u00e9gie de d\u00e9veloppement, vos objectifs et votre activit\u00e9. <br \/>Comment r\u00e9aliser un tableau de Bord.<br \/>Quels indicateurs de performances choisir.<\/p>\t\t\t\t\t\t<\/div>\n\t\t\t\t<\/div>\n\t\t\t\t\t<\/div>\n\t\t<\/div>\n\t\t\t\t\t\t\t<\/div>\n\t\t<\/section>\n\t\t\t\t\t\t\t<\/div>\n\t\t","protected":false},"excerpt":{"rendered":"<p>Un bon manager doit \u00e9galement comprendre la gestion financi\u00e8re de son service ou de son entreprise. Mesurer l&rsquo;impact de ses d\u00e9cisions sur le d\u00e9veloppement de son d\u00e9partement ou de son entreprise. \u00a0 1. FINANCES Comprendre les exigences de rentabilit\u00e9 de l&rsquo;entreprise. Comprendre les m\u00e9canismes financiers indispensable \u00e0 tout cadre sup\u00e9rieur et cadre. Mesurer l\u2019impact de [&hellip;]<\/p>\n","protected":false},"author":4,"featured_media":844,"parent":1193,"menu_order":0,"comment_status":"closed","ping_status":"closed","template":"","meta":{"footnotes":""},"class_list":["post-1213","page","type-page","status-publish","has-post-thumbnail","hentry"],"yoast_head":"<!-- This site is optimized with the Yoast SEO plugin v19.13 - https:\/\/yoast.com\/wordpress\/plugins\/seo\/ -->\n<title>Finance pour les managers - MMG International<\/title>\n<meta name=\"robots\" content=\"index, follow, max-snippet:-1, max-image-preview:large, max-video-preview:-1\" \/>\n<link rel=\"canonical\" href=\"https:\/\/mmginternational.ro\/fr\/academy\/learning\/finance-pour-les-managers\/\" \/>\n<meta property=\"og:locale\" content=\"fr_FR\" \/>\n<meta property=\"og:type\" content=\"article\" \/>\n<meta property=\"og:title\" content=\"Finance pour les managers - MMG International\" \/>\n<meta property=\"og:description\" content=\"Un bon manager doit \u00e9galement comprendre la gestion financi\u00e8re de son service ou de son entreprise. Mesurer l&rsquo;impact de ses d\u00e9cisions sur le d\u00e9veloppement de son d\u00e9partement ou de son entreprise. \u00a0 1. FINANCES Comprendre les exigences de rentabilit\u00e9 de l&rsquo;entreprise. Comprendre les m\u00e9canismes financiers indispensable \u00e0 tout cadre sup\u00e9rieur et cadre. Mesurer l\u2019impact de [&hellip;]\" \/>\n<meta property=\"og:url\" content=\"https:\/\/mmginternational.ro\/fr\/academy\/learning\/finance-pour-les-managers\/\" \/>\n<meta property=\"og:site_name\" content=\"MMG International\" \/>\n<meta property=\"article:modified_time\" content=\"2023-01-07T08:58:56+00:00\" \/>\n<meta property=\"og:image\" content=\"https:\/\/mmginternational.ro\/wp-content\/uploads\/2022\/09\/businessman-holding-banknote-investment-currency-exchange-stock-market-banking-financial-scaled.jpg\" \/>\n\t<meta property=\"og:image:width\" content=\"2560\" \/>\n\t<meta property=\"og:image:height\" content=\"1040\" \/>\n\t<meta property=\"og:image:type\" content=\"image\/jpeg\" \/>\n<meta name=\"twitter:card\" content=\"summary_large_image\" \/>\n<meta name=\"twitter:label1\" content=\"Dur\u00e9e de lecture estim\u00e9e\" \/>\n\t<meta name=\"twitter:data1\" content=\"1 minute\" \/>\n<script type=\"application\/ld+json\" class=\"yoast-schema-graph\">{\"@context\":\"https:\/\/schema.org\",\"@graph\":[{\"@type\":\"WebPage\",\"@id\":\"https:\/\/mmginternational.ro\/fr\/academy\/learning\/finance-pour-les-managers\/\",\"url\":\"https:\/\/mmginternational.ro\/fr\/academy\/learning\/finance-pour-les-managers\/\",\"name\":\"Finance pour les managers - MMG International\",\"isPartOf\":{\"@id\":\"https:\/\/mmginternational.ro\/fr\/#website\"},\"datePublished\":\"2022-09-08T13:44:04+00:00\",\"dateModified\":\"2023-01-07T08:58:56+00:00\",\"breadcrumb\":{\"@id\":\"https:\/\/mmginternational.ro\/fr\/academy\/learning\/finance-pour-les-managers\/#breadcrumb\"},\"inLanguage\":\"fr-FR\",\"potentialAction\":[{\"@type\":\"ReadAction\",\"target\":[\"https:\/\/mmginternational.ro\/fr\/academy\/learning\/finance-pour-les-managers\/\"]}]},{\"@type\":\"BreadcrumbList\",\"@id\":\"https:\/\/mmginternational.ro\/fr\/academy\/learning\/finance-pour-les-managers\/#breadcrumb\",\"itemListElement\":[{\"@type\":\"ListItem\",\"position\":1,\"name\":\"Home\",\"item\":\"https:\/\/mmginternational.ro\/fr\/\"},{\"@type\":\"ListItem\",\"position\":2,\"name\":\"Academy\",\"item\":\"https:\/\/mmginternational.ro\/fr\/academy\/\"},{\"@type\":\"ListItem\",\"position\":3,\"name\":\"Learning\",\"item\":\"https:\/\/mmginternational.ro\/fr\/academy\/learning\/\"},{\"@type\":\"ListItem\",\"position\":4,\"name\":\"Finance pour les managers\"}]},{\"@type\":\"WebSite\",\"@id\":\"https:\/\/mmginternational.ro\/fr\/#website\",\"url\":\"https:\/\/mmginternational.ro\/fr\/\",\"name\":\"MMG International\",\"description\":\"Conseil en strat\u00e9gie, d\u00e9veloppement du capital humain\",\"publisher\":{\"@id\":\"https:\/\/mmginternational.ro\/fr\/#organization\"},\"potentialAction\":[{\"@type\":\"SearchAction\",\"target\":{\"@type\":\"EntryPoint\",\"urlTemplate\":\"https:\/\/mmginternational.ro\/fr\/?s={search_term_string}\"},\"query-input\":\"required name=search_term_string\"}],\"inLanguage\":\"fr-FR\"},{\"@type\":\"Organization\",\"@id\":\"https:\/\/mmginternational.ro\/fr\/#organization\",\"name\":\"MMG International\",\"url\":\"https:\/\/mmginternational.ro\/fr\/\",\"logo\":{\"@type\":\"ImageObject\",\"inLanguage\":\"fr-FR\",\"@id\":\"https:\/\/mmginternational.ro\/fr\/#\/schema\/logo\/image\/\",\"url\":\"https:\/\/mmginternational.ro\/wp-content\/uploads\/2022\/09\/logo-MMG-transparent.png\",\"contentUrl\":\"https:\/\/mmginternational.ro\/wp-content\/uploads\/2022\/09\/logo-MMG-transparent.png\",\"width\":1132,\"height\":780,\"caption\":\"MMG International\"},\"image\":{\"@id\":\"https:\/\/mmginternational.ro\/fr\/#\/schema\/logo\/image\/\"}}]}<\/script>\n<!-- \/ Yoast SEO plugin. -->","yoast_head_json":{"title":"Finance pour les managers - MMG International","robots":{"index":"index","follow":"follow","max-snippet":"max-snippet:-1","max-image-preview":"max-image-preview:large","max-video-preview":"max-video-preview:-1"},"canonical":"https:\/\/mmginternational.ro\/fr\/academy\/learning\/finance-pour-les-managers\/","og_locale":"fr_FR","og_type":"article","og_title":"Finance pour les managers - MMG International","og_description":"Un bon manager doit \u00e9galement comprendre la gestion financi\u00e8re de son service ou de son entreprise. Mesurer l&rsquo;impact de ses d\u00e9cisions sur le d\u00e9veloppement de son d\u00e9partement ou de son entreprise. \u00a0 1. FINANCES Comprendre les exigences de rentabilit\u00e9 de l&rsquo;entreprise. Comprendre les m\u00e9canismes financiers indispensable \u00e0 tout cadre sup\u00e9rieur et cadre. Mesurer l\u2019impact de [&hellip;]","og_url":"https:\/\/mmginternational.ro\/fr\/academy\/learning\/finance-pour-les-managers\/","og_site_name":"MMG International","article_modified_time":"2023-01-07T08:58:56+00:00","og_image":[{"width":2560,"height":1040,"url":"https:\/\/mmginternational.ro\/wp-content\/uploads\/2022\/09\/businessman-holding-banknote-investment-currency-exchange-stock-market-banking-financial-scaled.jpg","type":"image\/jpeg"}],"twitter_card":"summary_large_image","twitter_misc":{"Dur\u00e9e de lecture estim\u00e9e":"1 minute"},"schema":{"@context":"https:\/\/schema.org","@graph":[{"@type":"WebPage","@id":"https:\/\/mmginternational.ro\/fr\/academy\/learning\/finance-pour-les-managers\/","url":"https:\/\/mmginternational.ro\/fr\/academy\/learning\/finance-pour-les-managers\/","name":"Finance pour les managers - MMG International","isPartOf":{"@id":"https:\/\/mmginternational.ro\/fr\/#website"},"datePublished":"2022-09-08T13:44:04+00:00","dateModified":"2023-01-07T08:58:56+00:00","breadcrumb":{"@id":"https:\/\/mmginternational.ro\/fr\/academy\/learning\/finance-pour-les-managers\/#breadcrumb"},"inLanguage":"fr-FR","potentialAction":[{"@type":"ReadAction","target":["https:\/\/mmginternational.ro\/fr\/academy\/learning\/finance-pour-les-managers\/"]}]},{"@type":"BreadcrumbList","@id":"https:\/\/mmginternational.ro\/fr\/academy\/learning\/finance-pour-les-managers\/#breadcrumb","itemListElement":[{"@type":"ListItem","position":1,"name":"Home","item":"https:\/\/mmginternational.ro\/fr\/"},{"@type":"ListItem","position":2,"name":"Academy","item":"https:\/\/mmginternational.ro\/fr\/academy\/"},{"@type":"ListItem","position":3,"name":"Learning","item":"https:\/\/mmginternational.ro\/fr\/academy\/learning\/"},{"@type":"ListItem","position":4,"name":"Finance pour les managers"}]},{"@type":"WebSite","@id":"https:\/\/mmginternational.ro\/fr\/#website","url":"https:\/\/mmginternational.ro\/fr\/","name":"MMG International","description":"Conseil en strat\u00e9gie, d\u00e9veloppement du capital humain","publisher":{"@id":"https:\/\/mmginternational.ro\/fr\/#organization"},"potentialAction":[{"@type":"SearchAction","target":{"@type":"EntryPoint","urlTemplate":"https:\/\/mmginternational.ro\/fr\/?s={search_term_string}"},"query-input":"required name=search_term_string"}],"inLanguage":"fr-FR"},{"@type":"Organization","@id":"https:\/\/mmginternational.ro\/fr\/#organization","name":"MMG International","url":"https:\/\/mmginternational.ro\/fr\/","logo":{"@type":"ImageObject","inLanguage":"fr-FR","@id":"https:\/\/mmginternational.ro\/fr\/#\/schema\/logo\/image\/","url":"https:\/\/mmginternational.ro\/wp-content\/uploads\/2022\/09\/logo-MMG-transparent.png","contentUrl":"https:\/\/mmginternational.ro\/wp-content\/uploads\/2022\/09\/logo-MMG-transparent.png","width":1132,"height":780,"caption":"MMG International"},"image":{"@id":"https:\/\/mmginternational.ro\/fr\/#\/schema\/logo\/image\/"}}]}},"_links":{"self":[{"href":"https:\/\/mmginternational.ro\/fr\/wp-json\/wp\/v2\/pages\/1213","targetHints":{"allow":["GET"]}}],"collection":[{"href":"https:\/\/mmginternational.ro\/fr\/wp-json\/wp\/v2\/pages"}],"about":[{"href":"https:\/\/mmginternational.ro\/fr\/wp-json\/wp\/v2\/types\/page"}],"author":[{"embeddable":true,"href":"https:\/\/mmginternational.ro\/fr\/wp-json\/wp\/v2\/users\/4"}],"replies":[{"embeddable":true,"href":"https:\/\/mmginternational.ro\/fr\/wp-json\/wp\/v2\/comments?post=1213"}],"version-history":[{"count":11,"href":"https:\/\/mmginternational.ro\/fr\/wp-json\/wp\/v2\/pages\/1213\/revisions"}],"predecessor-version":[{"id":2249,"href":"https:\/\/mmginternational.ro\/fr\/wp-json\/wp\/v2\/pages\/1213\/revisions\/2249"}],"up":[{"embeddable":true,"href":"https:\/\/mmginternational.ro\/fr\/wp-json\/wp\/v2\/pages\/1193"}],"wp:featuredmedia":[{"embeddable":true,"href":"https:\/\/mmginternational.ro\/fr\/wp-json\/wp\/v2\/media\/844"}],"wp:attachment":[{"href":"https:\/\/mmginternational.ro\/fr\/wp-json\/wp\/v2\/media?parent=1213"}],"curies":[{"name":"wp","href":"https:\/\/api.w.org\/{rel}","templated":true}]}}