{"id":1180,"date":"2022-09-08T13:41:41","date_gmt":"2022-09-08T13:41:41","guid":{"rendered":"https:\/\/mmginternational.ro\/academy\/e-learning\/"},"modified":"2025-01-12T21:20:42","modified_gmt":"2025-01-12T21:20:42","slug":"e-learning","status":"publish","type":"page","link":"https:\/\/mmginternational.ro\/fr\/academy\/e-learning\/","title":{"rendered":"E-Learning"},"content":{"rendered":"\t\t<div data-elementor-type=\"wp-page\" data-elementor-id=\"1180\" class=\"elementor elementor-1180 elementor-341\">\n\t\t\t\t\t\t\t\t\t<section class=\"elementor-section elementor-top-section elementor-element elementor-element-4c846b19 elementor-section-boxed elementor-section-height-default elementor-section-height-default\" data-id=\"4c846b19\" data-element_type=\"section\" data-settings=\"{&quot;jet_parallax_layout_list&quot;:[]}\">\n\t\t\t\t\t\t<div class=\"elementor-container elementor-column-gap-default\">\n\t\t\t\t\t<div class=\"elementor-column elementor-col-100 elementor-top-column elementor-element elementor-element-13bb31b2\" data-id=\"13bb31b2\" data-element_type=\"column\">\n\t\t\t<div class=\"elementor-widget-wrap elementor-element-populated\">\n\t\t\t\t\t\t\t\t<div class=\"elementor-element elementor-element-25ef167 elementor-widget elementor-widget-text-editor\" data-id=\"25ef167\" data-element_type=\"widget\" data-widget_type=\"text-editor.default\">\n\t\t\t\t<div class=\"elementor-widget-container\">\n\t\t\t<style>\/*! elementor - v3.9.2 - 21-12-2022 *\/\n.elementor-widget-text-editor.elementor-drop-cap-view-stacked .elementor-drop-cap{background-color:#818a91;color:#fff}.elementor-widget-text-editor.elementor-drop-cap-view-framed .elementor-drop-cap{color:#818a91;border:3px solid;background-color:transparent}.elementor-widget-text-editor:not(.elementor-drop-cap-view-default) .elementor-drop-cap{margin-top:8px}.elementor-widget-text-editor:not(.elementor-drop-cap-view-default) .elementor-drop-cap-letter{width:1em;height:1em}.elementor-widget-text-editor .elementor-drop-cap{float:left;text-align:center;line-height:1;font-size:50px}.elementor-widget-text-editor .elementor-drop-cap-letter{display:inline-block}<\/style>\t\t\t\t<p>L&rsquo;acquisition et le d\u00e9veloppement des comp\u00e9tences sont essentiels \u00e0 la r\u00e9ussite de vos employ\u00e9s et de votre entreprise.<\/p><p>Acc\u00e9l\u00e9rer vos performances<\/p><ul><li>de n\u2019importe o\u00f9<\/li><li>\u00e0 votre rythme<\/li><li>\u00e0 travers plus de 20 formations de d\u00e9veloppement professionnel et personnel et b\u00e9n\u00e9ficiant d&rsquo;un tuteur personnel<\/li><\/ul><p>En plus de 20 ans d&rsquo;exp\u00e9rience en Roumanie, nous avons cr\u00e9\u00e9 des cours et des programmes de d\u00e9veloppement professionnel et personnel, d\u00e9sormais disponibles sur notre plateforme en ligne <a href=\"https:\/\/www.bvtraining.ro\/dezvoltare-personala\/\">Bureau Veritas Rom\u00e2nia<\/a>. De cette fa\u00e7on, vous pouvez d\u00e9cider o\u00f9 vous voulez vous d\u00e9velopper et quel est le meilleur moment pour le faire, et toujours b\u00e9n\u00e9ficier de l&rsquo;aide \u00e0 l&rsquo;apprentissage personnalis\u00e9e de MMG International.<\/p>\t\t\t\t\t\t<\/div>\n\t\t\t\t<\/div>\n\t\t\t\t<div class=\"elementor-element elementor-element-d6266c9 elementor-widget elementor-widget-heading\" data-id=\"d6266c9\" data-element_type=\"widget\" data-widget_type=\"heading.default\">\n\t\t\t\t<div class=\"elementor-widget-container\">\n\t\t\t<style>\/*! elementor - v3.9.2 - 21-12-2022 *\/\n.elementor-heading-title{padding:0;margin:0;line-height:1}.elementor-widget-heading .elementor-heading-title[class*=elementor-size-]>a{color:inherit;font-size:inherit;line-height:inherit}.elementor-widget-heading .elementor-heading-title.elementor-size-small{font-size:15px}.elementor-widget-heading .elementor-heading-title.elementor-size-medium{font-size:19px}.elementor-widget-heading .elementor-heading-title.elementor-size-large{font-size:29px}.elementor-widget-heading .elementor-heading-title.elementor-size-xl{font-size:39px}.elementor-widget-heading .elementor-heading-title.elementor-size-xxl{font-size:59px}<\/style><h5 class=\"elementor-heading-title elementor-size-default\">1. MANAGEMENT - LEADERSHIP<\/h5>\t\t<\/div>\n\t\t\t\t<\/div>\n\t\t\t\t<div class=\"elementor-element elementor-element-52224f6 elementor-widget elementor-widget-text-editor\" data-id=\"52224f6\" data-element_type=\"widget\" data-widget_type=\"text-editor.default\">\n\t\t\t\t<div class=\"elementor-widget-container\">\n\t\t\t\t\t\t\t<p>Le management a \u00e9volu\u00e9\u2026 et vous ? Comment manager sereinement vos \u00e9quipes dans un contexte devenu particuli\u00e8rement complexe? Comment prendre des d\u00e9cisions dans un environnement incertain, agit\u00e9? Renforcer vos aptitudes de leader, d\u00e9veloppez l\u2019autonomie, la fid\u00e9lit\u00e9, mobilisez et suscitez l\u2019enthousiasme chez vos collaborateurs!<\/p>\n\t\t\t\t\t\t<\/div>\n\t\t\t\t<\/div>\n\t\t\t\t<div class=\"elementor-element elementor-element-196da50 elementor-widget elementor-widget-heading\" data-id=\"196da50\" data-element_type=\"widget\" data-widget_type=\"heading.default\">\n\t\t\t\t<div class=\"elementor-widget-container\">\n\t\t\t<h5 class=\"elementor-heading-title elementor-size-default\">2. FINANCE POUR LES MANAGERS<\/h5>\t\t<\/div>\n\t\t\t\t<\/div>\n\t\t\t\t<div class=\"elementor-element elementor-element-28e2626 elementor-widget elementor-widget-text-editor\" data-id=\"28e2626\" data-element_type=\"widget\" data-widget_type=\"text-editor.default\">\n\t\t\t\t<div class=\"elementor-widget-container\">\n\t\t\t\t\t\t\t<p>Un bon manager doit \u00e9galement comprendre la gestion financi\u00e8re de son service ou de son entreprise. Mesurer l&rsquo;impact de ses d\u00e9cisions sur le d\u00e9veloppement de son d\u00e9partement ou de son entreprise.<\/p>\n\t\t\t\t\t\t<\/div>\n\t\t\t\t<\/div>\n\t\t\t\t<div class=\"elementor-element elementor-element-23a7218 elementor-widget elementor-widget-heading\" data-id=\"23a7218\" data-element_type=\"widget\" data-widget_type=\"heading.default\">\n\t\t\t\t<div class=\"elementor-widget-container\">\n\t\t\t<h5 class=\"elementor-heading-title elementor-size-default\">3. COMMUNICATION<\/h5>\t\t<\/div>\n\t\t\t\t<\/div>\n\t\t\t\t<div class=\"elementor-element elementor-element-d4b58f2 elementor-widget elementor-widget-text-editor\" data-id=\"d4b58f2\" data-element_type=\"widget\" data-widget_type=\"text-editor.default\">\n\t\t\t\t<div class=\"elementor-widget-container\">\n\t\t\t\t\t\t\t<p>Assurer une circulation fluide de l\u2019information au sein de l\u2019entreprise est vital pour son d\u00e9veloppement et pour l\u2019\u00e9panouissement de tous les collaborateurs.<\/p>\n\t\t\t\t\t\t<\/div>\n\t\t\t\t<\/div>\n\t\t\t\t<div class=\"elementor-element elementor-element-4fc8cb5 elementor-widget elementor-widget-heading\" data-id=\"4fc8cb5\" data-element_type=\"widget\" data-widget_type=\"heading.default\">\n\t\t\t\t<div class=\"elementor-widget-container\">\n\t\t\t<h5 class=\"elementor-heading-title elementor-size-default\">4. COMMERCIAL<\/h5>\t\t<\/div>\n\t\t\t\t<\/div>\n\t\t\t\t<div class=\"elementor-element elementor-element-74c8280 elementor-widget elementor-widget-text-editor\" data-id=\"74c8280\" data-element_type=\"widget\" data-widget_type=\"text-editor.default\">\n\t\t\t\t<div class=\"elementor-widget-container\">\n\t\t\t\t\t\t\t<p>Les commerciaux ont pour mission de vendre les produits et services de l\u2019entreprise au meilleur prix, pour cela ils doivent \u00eatre les plus performants possible. Une partie de la rentabilit\u00e9 de l\u2019entreprise en d\u00e9pend.<\/p>\n\t\t\t\t\t\t<\/div>\n\t\t\t\t<\/div>\n\t\t\t\t<div class=\"elementor-element elementor-element-45878a2 elementor-widget elementor-widget-heading\" data-id=\"45878a2\" data-element_type=\"widget\" data-widget_type=\"heading.default\">\n\t\t\t\t<div class=\"elementor-widget-container\">\n\t\t\t<h5 class=\"elementor-heading-title elementor-size-default\">5. ACHATS <\/h5>\t\t<\/div>\n\t\t\t\t<\/div>\n\t\t\t\t<div class=\"elementor-element elementor-element-b3f185d elementor-widget elementor-widget-text-editor\" data-id=\"b3f185d\" data-element_type=\"widget\" data-widget_type=\"text-editor.default\">\n\t\t\t\t<div class=\"elementor-widget-container\">\n\t\t\t\t\t\t\t<p>Les acheteurs ont pour mission de fournir \u00e0 l\u2019entreprise les meilleurs produits et services au meilleur prix, pour cela ils doivent \u00eatre les plus performants possible. Une partie de la rentabilit\u00e9 de l\u2019entreprise en d\u00e9pend.<\/p>\n\t\t\t\t\t\t<\/div>\n\t\t\t\t<\/div>\n\t\t\t\t<div class=\"elementor-element elementor-element-c175b4f elementor-widget elementor-widget-heading\" data-id=\"c175b4f\" data-element_type=\"widget\" data-widget_type=\"heading.default\">\n\t\t\t\t<div class=\"elementor-widget-container\">\n\t\t\t<h5 class=\"elementor-heading-title elementor-size-default\">6. TECHNIQUE<\/h5>\t\t<\/div>\n\t\t\t\t<\/div>\n\t\t\t\t<div class=\"elementor-element elementor-element-0fbd91e elementor-widget elementor-widget-text-editor\" data-id=\"0fbd91e\" data-element_type=\"widget\" data-widget_type=\"text-editor.default\">\n\t\t\t\t<div class=\"elementor-widget-container\">\n\t\t\t\t\t\t\t<p>Les programmes de formation de Bureau Veritas sont un outil efficace pour am\u00e9liorer les comp\u00e9tences des employ\u00e9s reconnus au niveau international. Bureau Veritas Roumanie contribue \u00e0 accro\u00eetre la qualit\u00e9 des ressources humaines dans tous les secteurs d&rsquo;activit\u00e9, dans des entreprises ayant un impact national et international.<\/p>\n\t\t\t\t\t\t<\/div>\n\t\t\t\t<\/div>\n\t\t\t\t\t<\/div>\n\t\t<\/div>\n\t\t\t\t\t\t\t<\/div>\n\t\t<\/section>\n\t\t\t\t\t\t\t<\/div>\n\t\t","protected":false},"excerpt":{"rendered":"<p>L&rsquo;acquisition et le d\u00e9veloppement des comp\u00e9tences sont essentiels \u00e0 la r\u00e9ussite de vos employ\u00e9s et de votre entreprise. Acc\u00e9l\u00e9rer vos performances de n\u2019importe o\u00f9 \u00e0 votre rythme \u00e0 travers plus de 20 formations de d\u00e9veloppement professionnel et personnel et b\u00e9n\u00e9ficiant d&rsquo;un tuteur personnel En plus de 20 ans d&rsquo;exp\u00e9rience en Roumanie, nous avons cr\u00e9\u00e9 des [&hellip;]<\/p>\n","protected":false},"author":4,"featured_media":853,"parent":1169,"menu_order":0,"comment_status":"closed","ping_status":"closed","template":"","meta":{"footnotes":""},"class_list":["post-1180","page","type-page","status-publish","has-post-thumbnail","hentry"],"yoast_head":"<!-- This site is optimized with the Yoast SEO plugin v19.13 - https:\/\/yoast.com\/wordpress\/plugins\/seo\/ -->\n<title>E-Learning - MMG International<\/title>\n<meta name=\"robots\" content=\"index, follow, max-snippet:-1, max-image-preview:large, max-video-preview:-1\" \/>\n<link rel=\"canonical\" href=\"https:\/\/mmginternational.ro\/fr\/academy\/e-learning\/\" \/>\n<meta property=\"og:locale\" content=\"fr_FR\" \/>\n<meta property=\"og:type\" content=\"article\" \/>\n<meta property=\"og:title\" content=\"E-Learning - MMG International\" \/>\n<meta property=\"og:description\" content=\"L&rsquo;acquisition et le d\u00e9veloppement des comp\u00e9tences sont essentiels \u00e0 la r\u00e9ussite de vos employ\u00e9s et de votre entreprise. Acc\u00e9l\u00e9rer vos performances de n\u2019importe o\u00f9 \u00e0 votre rythme \u00e0 travers plus de 20 formations de d\u00e9veloppement professionnel et personnel et b\u00e9n\u00e9ficiant d&rsquo;un tuteur personnel En plus de 20 ans d&rsquo;exp\u00e9rience en Roumanie, nous avons cr\u00e9\u00e9 des [&hellip;]\" \/>\n<meta property=\"og:url\" content=\"https:\/\/mmginternational.ro\/fr\/academy\/e-learning\/\" \/>\n<meta property=\"og:site_name\" content=\"MMG International\" \/>\n<meta property=\"article:modified_time\" content=\"2025-01-12T21:20:42+00:00\" \/>\n<meta property=\"og:image\" content=\"https:\/\/mmginternational.ro\/wp-content\/uploads\/2022\/09\/businessman-using-tablet-online-banking-exchange-currency-payment-digital-marketing-finance-scaled.jpg\" \/>\n\t<meta property=\"og:image:width\" content=\"2560\" \/>\n\t<meta property=\"og:image:height\" content=\"1706\" \/>\n\t<meta property=\"og:image:type\" content=\"image\/jpeg\" \/>\n<meta name=\"twitter:card\" content=\"summary_large_image\" \/>\n<meta name=\"twitter:label1\" content=\"Dur\u00e9e de lecture estim\u00e9e\" \/>\n\t<meta name=\"twitter:data1\" content=\"2 minutes\" \/>\n<script type=\"application\/ld+json\" class=\"yoast-schema-graph\">{\"@context\":\"https:\/\/schema.org\",\"@graph\":[{\"@type\":\"WebPage\",\"@id\":\"https:\/\/mmginternational.ro\/fr\/academy\/e-learning\/\",\"url\":\"https:\/\/mmginternational.ro\/fr\/academy\/e-learning\/\",\"name\":\"E-Learning - MMG International\",\"isPartOf\":{\"@id\":\"https:\/\/mmginternational.ro\/fr\/#website\"},\"datePublished\":\"2022-09-08T13:41:41+00:00\",\"dateModified\":\"2025-01-12T21:20:42+00:00\",\"breadcrumb\":{\"@id\":\"https:\/\/mmginternational.ro\/fr\/academy\/e-learning\/#breadcrumb\"},\"inLanguage\":\"fr-FR\",\"potentialAction\":[{\"@type\":\"ReadAction\",\"target\":[\"https:\/\/mmginternational.ro\/fr\/academy\/e-learning\/\"]}]},{\"@type\":\"BreadcrumbList\",\"@id\":\"https:\/\/mmginternational.ro\/fr\/academy\/e-learning\/#breadcrumb\",\"itemListElement\":[{\"@type\":\"ListItem\",\"position\":1,\"name\":\"Home\",\"item\":\"https:\/\/mmginternational.ro\/fr\/\"},{\"@type\":\"ListItem\",\"position\":2,\"name\":\"Academy\",\"item\":\"https:\/\/mmginternational.ro\/fr\/academy\/\"},{\"@type\":\"ListItem\",\"position\":3,\"name\":\"E-Learning\"}]},{\"@type\":\"WebSite\",\"@id\":\"https:\/\/mmginternational.ro\/fr\/#website\",\"url\":\"https:\/\/mmginternational.ro\/fr\/\",\"name\":\"MMG International\",\"description\":\"Conseil en strat\u00e9gie, d\u00e9veloppement du capital humain\",\"publisher\":{\"@id\":\"https:\/\/mmginternational.ro\/fr\/#organization\"},\"potentialAction\":[{\"@type\":\"SearchAction\",\"target\":{\"@type\":\"EntryPoint\",\"urlTemplate\":\"https:\/\/mmginternational.ro\/fr\/?s={search_term_string}\"},\"query-input\":\"required name=search_term_string\"}],\"inLanguage\":\"fr-FR\"},{\"@type\":\"Organization\",\"@id\":\"https:\/\/mmginternational.ro\/fr\/#organization\",\"name\":\"MMG International\",\"url\":\"https:\/\/mmginternational.ro\/fr\/\",\"logo\":{\"@type\":\"ImageObject\",\"inLanguage\":\"fr-FR\",\"@id\":\"https:\/\/mmginternational.ro\/fr\/#\/schema\/logo\/image\/\",\"url\":\"https:\/\/mmginternational.ro\/wp-content\/uploads\/2022\/09\/logo-MMG-transparent.png\",\"contentUrl\":\"https:\/\/mmginternational.ro\/wp-content\/uploads\/2022\/09\/logo-MMG-transparent.png\",\"width\":1132,\"height\":780,\"caption\":\"MMG International\"},\"image\":{\"@id\":\"https:\/\/mmginternational.ro\/fr\/#\/schema\/logo\/image\/\"}}]}<\/script>\n<!-- \/ Yoast SEO plugin. -->","yoast_head_json":{"title":"E-Learning - MMG International","robots":{"index":"index","follow":"follow","max-snippet":"max-snippet:-1","max-image-preview":"max-image-preview:large","max-video-preview":"max-video-preview:-1"},"canonical":"https:\/\/mmginternational.ro\/fr\/academy\/e-learning\/","og_locale":"fr_FR","og_type":"article","og_title":"E-Learning - MMG International","og_description":"L&rsquo;acquisition et le d\u00e9veloppement des comp\u00e9tences sont essentiels \u00e0 la r\u00e9ussite de vos employ\u00e9s et de votre entreprise. Acc\u00e9l\u00e9rer vos performances de n\u2019importe o\u00f9 \u00e0 votre rythme \u00e0 travers plus de 20 formations de d\u00e9veloppement professionnel et personnel et b\u00e9n\u00e9ficiant d&rsquo;un tuteur personnel En plus de 20 ans d&rsquo;exp\u00e9rience en Roumanie, nous avons cr\u00e9\u00e9 des [&hellip;]","og_url":"https:\/\/mmginternational.ro\/fr\/academy\/e-learning\/","og_site_name":"MMG International","article_modified_time":"2025-01-12T21:20:42+00:00","og_image":[{"width":2560,"height":1706,"url":"https:\/\/mmginternational.ro\/wp-content\/uploads\/2022\/09\/businessman-using-tablet-online-banking-exchange-currency-payment-digital-marketing-finance-scaled.jpg","type":"image\/jpeg"}],"twitter_card":"summary_large_image","twitter_misc":{"Dur\u00e9e de lecture estim\u00e9e":"2 minutes"},"schema":{"@context":"https:\/\/schema.org","@graph":[{"@type":"WebPage","@id":"https:\/\/mmginternational.ro\/fr\/academy\/e-learning\/","url":"https:\/\/mmginternational.ro\/fr\/academy\/e-learning\/","name":"E-Learning - MMG International","isPartOf":{"@id":"https:\/\/mmginternational.ro\/fr\/#website"},"datePublished":"2022-09-08T13:41:41+00:00","dateModified":"2025-01-12T21:20:42+00:00","breadcrumb":{"@id":"https:\/\/mmginternational.ro\/fr\/academy\/e-learning\/#breadcrumb"},"inLanguage":"fr-FR","potentialAction":[{"@type":"ReadAction","target":["https:\/\/mmginternational.ro\/fr\/academy\/e-learning\/"]}]},{"@type":"BreadcrumbList","@id":"https:\/\/mmginternational.ro\/fr\/academy\/e-learning\/#breadcrumb","itemListElement":[{"@type":"ListItem","position":1,"name":"Home","item":"https:\/\/mmginternational.ro\/fr\/"},{"@type":"ListItem","position":2,"name":"Academy","item":"https:\/\/mmginternational.ro\/fr\/academy\/"},{"@type":"ListItem","position":3,"name":"E-Learning"}]},{"@type":"WebSite","@id":"https:\/\/mmginternational.ro\/fr\/#website","url":"https:\/\/mmginternational.ro\/fr\/","name":"MMG International","description":"Conseil en strat\u00e9gie, d\u00e9veloppement du capital humain","publisher":{"@id":"https:\/\/mmginternational.ro\/fr\/#organization"},"potentialAction":[{"@type":"SearchAction","target":{"@type":"EntryPoint","urlTemplate":"https:\/\/mmginternational.ro\/fr\/?s={search_term_string}"},"query-input":"required name=search_term_string"}],"inLanguage":"fr-FR"},{"@type":"Organization","@id":"https:\/\/mmginternational.ro\/fr\/#organization","name":"MMG International","url":"https:\/\/mmginternational.ro\/fr\/","logo":{"@type":"ImageObject","inLanguage":"fr-FR","@id":"https:\/\/mmginternational.ro\/fr\/#\/schema\/logo\/image\/","url":"https:\/\/mmginternational.ro\/wp-content\/uploads\/2022\/09\/logo-MMG-transparent.png","contentUrl":"https:\/\/mmginternational.ro\/wp-content\/uploads\/2022\/09\/logo-MMG-transparent.png","width":1132,"height":780,"caption":"MMG International"},"image":{"@id":"https:\/\/mmginternational.ro\/fr\/#\/schema\/logo\/image\/"}}]}},"_links":{"self":[{"href":"https:\/\/mmginternational.ro\/fr\/wp-json\/wp\/v2\/pages\/1180","targetHints":{"allow":["GET"]}}],"collection":[{"href":"https:\/\/mmginternational.ro\/fr\/wp-json\/wp\/v2\/pages"}],"about":[{"href":"https:\/\/mmginternational.ro\/fr\/wp-json\/wp\/v2\/types\/page"}],"author":[{"embeddable":true,"href":"https:\/\/mmginternational.ro\/fr\/wp-json\/wp\/v2\/users\/4"}],"replies":[{"embeddable":true,"href":"https:\/\/mmginternational.ro\/fr\/wp-json\/wp\/v2\/comments?post=1180"}],"version-history":[{"count":3,"href":"https:\/\/mmginternational.ro\/fr\/wp-json\/wp\/v2\/pages\/1180\/revisions"}],"predecessor-version":[{"id":2622,"href":"https:\/\/mmginternational.ro\/fr\/wp-json\/wp\/v2\/pages\/1180\/revisions\/2622"}],"up":[{"embeddable":true,"href":"https:\/\/mmginternational.ro\/fr\/wp-json\/wp\/v2\/pages\/1169"}],"wp:featuredmedia":[{"embeddable":true,"href":"https:\/\/mmginternational.ro\/fr\/wp-json\/wp\/v2\/media\/853"}],"wp:attachment":[{"href":"https:\/\/mmginternational.ro\/fr\/wp-json\/wp\/v2\/media?parent=1180"}],"curies":[{"name":"wp","href":"https:\/\/api.w.org\/{rel}","templated":true}]}}