{"id":1147,"date":"2022-09-08T13:39:10","date_gmt":"2022-09-08T13:39:10","guid":{"rendered":"https:\/\/mmginternational.ro\/business-intelligence\/"},"modified":"2025-01-12T20:27:05","modified_gmt":"2025-01-12T20:27:05","slug":"business-intelligence","status":"publish","type":"page","link":"https:\/\/mmginternational.ro\/fr\/business-intelligence\/","title":{"rendered":"Business intelligence"},"content":{"rendered":"\n<h5 class=\"wp-block-heading has-text-align-left\">MICRO \u2013 PME<\/h5>\n\n\n\n<div style=\"height:30px\" aria-hidden=\"true\" class=\"wp-block-spacer\"><\/div>\n\n\n\n<p><strong>Business Intelligence<\/strong><\/p>\n\n\n\n<p><span class=\"TextRun SCXW90596316 BCX0\" lang=\"FR-FR\" xml:lang=\"FR-FR\" data-contrast=\"auto\"><span class=\"NormalTextRun SCXW90596316 BCX0\">Manager les <\/span><span class=\"NormalTextRun SCXW90596316 BCX0\">performances de votre entreprise et de vos salari\u00e9s<\/span><\/span><span class=\"EOP SCXW90596316 BCX0\" data-ccp-props=\"{&quot;201341983&quot;:0,&quot;335559740&quot;:259}\">&nbsp;<\/span><\/p>\n\n\n\n<p>Outil pour manager efficacement le d\u00e9veloppement durable de votre entreprise <\/p>\n\n\n\n<div style=\"height:30px\" aria-hidden=\"true\" class=\"wp-block-spacer\"><\/div>\n\n\n\n<ul class=\"wp-block-list\">\n<li>Visibilit\u00e9 globale  <\/li>\n\n\n\n<li>Suivi de l\u2019activit\u00e9 et facilit\u00e9 d\u2019interpr\u00e9tation  <\/li>\n\n\n\n<li>Meilleure prise de d\u00e9cision <\/li>\n\n\n\n<li>Communication et collaboration renforc\u00e9es <\/li>\n<\/ul>\n\n\n\n<div style=\"height:30px\" aria-hidden=\"true\" class=\"wp-block-spacer\"><\/div>\n\n\n\n<p>Syst\u00e8me informatique\u202f: <\/p>\n\n\n\n<p><\/p>\n\n\n\n<div style=\"height:30px\" aria-hidden=\"true\" class=\"wp-block-spacer\"><\/div>\n\n\n\n<h5 class=\"wp-block-heading has-text-align-left\">COMPTABILIT\u00c9 DE GESTION <\/h5>\n\n\n\n<p>Suivre votre activit\u00e9\u202f: P&amp;L, bilan et cash flow. <\/p>\n\n\n\n<div style=\"height:30px\" aria-hidden=\"true\" class=\"wp-block-spacer\"><\/div>\n\n\n\n<h5 class=\"wp-block-heading has-text-align-left\">BUDGET ET BUSINESS PLAN <\/h5>\n\n\n\n<p>R\u00e9aliser vos budgets automatiquement, de fa\u00e7on rapide et sans erreurs. <\/p>\n\n\n\n<div style=\"height:30px\" aria-hidden=\"true\" class=\"wp-block-spacer\"><\/div>\n\n\n\n<h5 class=\"wp-block-heading has-text-align-left\">TABLEAU DE BORD STRAT\u00c9GIQUE &#8211; TBS <\/h5>\n\n\n\n<p><strong>ICP &#8211; Indicateurs cl\u00e9s de performance <\/strong><\/p>\n\n\n\n<p>Indicateurs cl\u00e9s de performance <\/p>\n\n\n\n<p>Le TBS vous donne un avantage concurrentiel: en quelques minutes vous avez acc\u00e8s \u00e0 des informations claires et fiables sur les performances de votre entreprise et autres donn\u00e9es strat\u00e9giques \u00e0 partir d\u2019une multitude de donn\u00e9es complexes qui seraient difficiles \u00e0 traiter en manuel.<\/p>\n\n\n\n<div style=\"height:30px\" aria-hidden=\"true\" class=\"wp-block-spacer\"><\/div>\n\n\n\n<h5 class=\"wp-block-heading has-text-align-left\">DEVELOPMENT PERFORMANCE ANALYSIS <\/h5>\n\n\n\n<p>Syst\u00e8me d\u2019analyse des performances pour d\u00e9terminer avec pr\u00e9cision vos besoins afin d\u2019acc\u00e9l\u00e9rer le d\u00e9veloppement durable de votre soci\u00e9t\u00e9.<\/p>\n","protected":false},"excerpt":{"rendered":"<p>MICRO \u2013 PME Business Intelligence Manager les performances de votre entreprise et de vos salari\u00e9s&nbsp; Outil pour manager efficacement le d\u00e9veloppement durable de votre entreprise Syst\u00e8me informatique\u202f: COMPTABILIT\u00c9 DE GESTION Suivre votre activit\u00e9\u202f: P&amp;L, bilan et cash flow. BUDGET ET BUSINESS PLAN R\u00e9aliser vos budgets automatiquement, de fa\u00e7on rapide et sans erreurs. TABLEAU DE BORD [&hellip;]<\/p>\n","protected":false},"author":4,"featured_media":832,"parent":0,"menu_order":0,"comment_status":"closed","ping_status":"closed","template":"","meta":{"footnotes":""},"class_list":["post-1147","page","type-page","status-publish","has-post-thumbnail","hentry"],"yoast_head":"<!-- This site is optimized with the Yoast SEO plugin v19.13 - https:\/\/yoast.com\/wordpress\/plugins\/seo\/ -->\n<title>Business intelligence - MMG International<\/title>\n<meta name=\"robots\" content=\"index, follow, max-snippet:-1, max-image-preview:large, max-video-preview:-1\" \/>\n<link rel=\"canonical\" href=\"https:\/\/mmginternational.ro\/fr\/business-intelligence\/\" \/>\n<meta property=\"og:locale\" content=\"fr_FR\" \/>\n<meta property=\"og:type\" content=\"article\" \/>\n<meta property=\"og:title\" content=\"Business intelligence - MMG International\" \/>\n<meta property=\"og:description\" content=\"MICRO \u2013 PME Business Intelligence Manager les performances de votre entreprise et de vos salari\u00e9s&nbsp; Outil pour manager efficacement le d\u00e9veloppement durable de votre entreprise Syst\u00e8me informatique\u202f: COMPTABILIT\u00c9 DE GESTION Suivre votre activit\u00e9\u202f: P&amp;L, bilan et cash flow. BUDGET ET BUSINESS PLAN R\u00e9aliser vos budgets automatiquement, de fa\u00e7on rapide et sans erreurs. TABLEAU DE BORD [&hellip;]\" \/>\n<meta property=\"og:url\" content=\"https:\/\/mmginternational.ro\/fr\/business-intelligence\/\" \/>\n<meta property=\"og:site_name\" content=\"MMG International\" \/>\n<meta property=\"article:modified_time\" content=\"2025-01-12T20:27:05+00:00\" \/>\n<meta property=\"og:image\" content=\"https:\/\/mmginternational.ro\/wp-content\/uploads\/2022\/09\/smiling-businessman-convention.jpg\" \/>\n\t<meta property=\"og:image:width\" content=\"1280\" \/>\n\t<meta property=\"og:image:height\" content=\"853\" \/>\n\t<meta property=\"og:image:type\" content=\"image\/jpeg\" \/>\n<meta name=\"twitter:card\" content=\"summary_large_image\" \/>\n<meta name=\"twitter:label1\" content=\"Dur\u00e9e de lecture estim\u00e9e\" \/>\n\t<meta name=\"twitter:data1\" content=\"1 minute\" \/>\n<script type=\"application\/ld+json\" class=\"yoast-schema-graph\">{\"@context\":\"https:\/\/schema.org\",\"@graph\":[{\"@type\":\"WebPage\",\"@id\":\"https:\/\/mmginternational.ro\/fr\/business-intelligence\/\",\"url\":\"https:\/\/mmginternational.ro\/fr\/business-intelligence\/\",\"name\":\"Business intelligence - MMG International\",\"isPartOf\":{\"@id\":\"https:\/\/mmginternational.ro\/fr\/#website\"},\"datePublished\":\"2022-09-08T13:39:10+00:00\",\"dateModified\":\"2025-01-12T20:27:05+00:00\",\"breadcrumb\":{\"@id\":\"https:\/\/mmginternational.ro\/fr\/business-intelligence\/#breadcrumb\"},\"inLanguage\":\"fr-FR\",\"potentialAction\":[{\"@type\":\"ReadAction\",\"target\":[\"https:\/\/mmginternational.ro\/fr\/business-intelligence\/\"]}]},{\"@type\":\"BreadcrumbList\",\"@id\":\"https:\/\/mmginternational.ro\/fr\/business-intelligence\/#breadcrumb\",\"itemListElement\":[{\"@type\":\"ListItem\",\"position\":1,\"name\":\"Home\",\"item\":\"https:\/\/mmginternational.ro\/fr\/\"},{\"@type\":\"ListItem\",\"position\":2,\"name\":\"Business intelligence\"}]},{\"@type\":\"WebSite\",\"@id\":\"https:\/\/mmginternational.ro\/fr\/#website\",\"url\":\"https:\/\/mmginternational.ro\/fr\/\",\"name\":\"MMG International\",\"description\":\"Conseil en strat\u00e9gie, d\u00e9veloppement du capital humain\",\"publisher\":{\"@id\":\"https:\/\/mmginternational.ro\/fr\/#organization\"},\"potentialAction\":[{\"@type\":\"SearchAction\",\"target\":{\"@type\":\"EntryPoint\",\"urlTemplate\":\"https:\/\/mmginternational.ro\/fr\/?s={search_term_string}\"},\"query-input\":\"required name=search_term_string\"}],\"inLanguage\":\"fr-FR\"},{\"@type\":\"Organization\",\"@id\":\"https:\/\/mmginternational.ro\/fr\/#organization\",\"name\":\"MMG International\",\"url\":\"https:\/\/mmginternational.ro\/fr\/\",\"logo\":{\"@type\":\"ImageObject\",\"inLanguage\":\"fr-FR\",\"@id\":\"https:\/\/mmginternational.ro\/fr\/#\/schema\/logo\/image\/\",\"url\":\"https:\/\/mmginternational.ro\/wp-content\/uploads\/2022\/09\/logo-MMG-transparent.png\",\"contentUrl\":\"https:\/\/mmginternational.ro\/wp-content\/uploads\/2022\/09\/logo-MMG-transparent.png\",\"width\":1132,\"height\":780,\"caption\":\"MMG International\"},\"image\":{\"@id\":\"https:\/\/mmginternational.ro\/fr\/#\/schema\/logo\/image\/\"}}]}<\/script>\n<!-- \/ Yoast SEO plugin. -->","yoast_head_json":{"title":"Business intelligence - MMG International","robots":{"index":"index","follow":"follow","max-snippet":"max-snippet:-1","max-image-preview":"max-image-preview:large","max-video-preview":"max-video-preview:-1"},"canonical":"https:\/\/mmginternational.ro\/fr\/business-intelligence\/","og_locale":"fr_FR","og_type":"article","og_title":"Business intelligence - MMG International","og_description":"MICRO \u2013 PME Business Intelligence Manager les performances de votre entreprise et de vos salari\u00e9s&nbsp; Outil pour manager efficacement le d\u00e9veloppement durable de votre entreprise Syst\u00e8me informatique\u202f: COMPTABILIT\u00c9 DE GESTION Suivre votre activit\u00e9\u202f: P&amp;L, bilan et cash flow. BUDGET ET BUSINESS PLAN R\u00e9aliser vos budgets automatiquement, de fa\u00e7on rapide et sans erreurs. TABLEAU DE BORD [&hellip;]","og_url":"https:\/\/mmginternational.ro\/fr\/business-intelligence\/","og_site_name":"MMG International","article_modified_time":"2025-01-12T20:27:05+00:00","og_image":[{"width":1280,"height":853,"url":"https:\/\/mmginternational.ro\/wp-content\/uploads\/2022\/09\/smiling-businessman-convention.jpg","type":"image\/jpeg"}],"twitter_card":"summary_large_image","twitter_misc":{"Dur\u00e9e de lecture estim\u00e9e":"1 minute"},"schema":{"@context":"https:\/\/schema.org","@graph":[{"@type":"WebPage","@id":"https:\/\/mmginternational.ro\/fr\/business-intelligence\/","url":"https:\/\/mmginternational.ro\/fr\/business-intelligence\/","name":"Business intelligence - MMG International","isPartOf":{"@id":"https:\/\/mmginternational.ro\/fr\/#website"},"datePublished":"2022-09-08T13:39:10+00:00","dateModified":"2025-01-12T20:27:05+00:00","breadcrumb":{"@id":"https:\/\/mmginternational.ro\/fr\/business-intelligence\/#breadcrumb"},"inLanguage":"fr-FR","potentialAction":[{"@type":"ReadAction","target":["https:\/\/mmginternational.ro\/fr\/business-intelligence\/"]}]},{"@type":"BreadcrumbList","@id":"https:\/\/mmginternational.ro\/fr\/business-intelligence\/#breadcrumb","itemListElement":[{"@type":"ListItem","position":1,"name":"Home","item":"https:\/\/mmginternational.ro\/fr\/"},{"@type":"ListItem","position":2,"name":"Business intelligence"}]},{"@type":"WebSite","@id":"https:\/\/mmginternational.ro\/fr\/#website","url":"https:\/\/mmginternational.ro\/fr\/","name":"MMG International","description":"Conseil en strat\u00e9gie, d\u00e9veloppement du capital humain","publisher":{"@id":"https:\/\/mmginternational.ro\/fr\/#organization"},"potentialAction":[{"@type":"SearchAction","target":{"@type":"EntryPoint","urlTemplate":"https:\/\/mmginternational.ro\/fr\/?s={search_term_string}"},"query-input":"required name=search_term_string"}],"inLanguage":"fr-FR"},{"@type":"Organization","@id":"https:\/\/mmginternational.ro\/fr\/#organization","name":"MMG International","url":"https:\/\/mmginternational.ro\/fr\/","logo":{"@type":"ImageObject","inLanguage":"fr-FR","@id":"https:\/\/mmginternational.ro\/fr\/#\/schema\/logo\/image\/","url":"https:\/\/mmginternational.ro\/wp-content\/uploads\/2022\/09\/logo-MMG-transparent.png","contentUrl":"https:\/\/mmginternational.ro\/wp-content\/uploads\/2022\/09\/logo-MMG-transparent.png","width":1132,"height":780,"caption":"MMG International"},"image":{"@id":"https:\/\/mmginternational.ro\/fr\/#\/schema\/logo\/image\/"}}]}},"_links":{"self":[{"href":"https:\/\/mmginternational.ro\/fr\/wp-json\/wp\/v2\/pages\/1147","targetHints":{"allow":["GET"]}}],"collection":[{"href":"https:\/\/mmginternational.ro\/fr\/wp-json\/wp\/v2\/pages"}],"about":[{"href":"https:\/\/mmginternational.ro\/fr\/wp-json\/wp\/v2\/types\/page"}],"author":[{"embeddable":true,"href":"https:\/\/mmginternational.ro\/fr\/wp-json\/wp\/v2\/users\/4"}],"replies":[{"embeddable":true,"href":"https:\/\/mmginternational.ro\/fr\/wp-json\/wp\/v2\/comments?post=1147"}],"version-history":[{"count":1,"href":"https:\/\/mmginternational.ro\/fr\/wp-json\/wp\/v2\/pages\/1147\/revisions"}],"predecessor-version":[{"id":2617,"href":"https:\/\/mmginternational.ro\/fr\/wp-json\/wp\/v2\/pages\/1147\/revisions\/2617"}],"wp:featuredmedia":[{"embeddable":true,"href":"https:\/\/mmginternational.ro\/fr\/wp-json\/wp\/v2\/media\/832"}],"wp:attachment":[{"href":"https:\/\/mmginternational.ro\/fr\/wp-json\/wp\/v2\/media?parent=1147"}],"curies":[{"name":"wp","href":"https:\/\/api.w.org\/{rel}","templated":true}]}}