{"id":1141,"date":"2022-09-08T13:45:20","date_gmt":"2022-09-08T13:45:20","guid":{"rendered":"https:\/\/mmginternational.ro\/symbiose-interculturelle\/"},"modified":"2022-12-26T17:06:43","modified_gmt":"2022-12-26T17:06:43","slug":"symbiose-interculturelle","status":"publish","type":"page","link":"https:\/\/mmginternational.ro\/fr\/academy\/learning\/symbiose-interculturelle\/","title":{"rendered":"Symbiose interculturelle"},"content":{"rendered":"\t\t<div data-elementor-type=\"wp-page\" data-elementor-id=\"1141\" class=\"elementor elementor-1141 elementor-351\">\n\t\t\t\t\t\t\t\t\t<section class=\"elementor-section elementor-top-section elementor-element elementor-element-5c2dc97b elementor-section-boxed elementor-section-height-default elementor-section-height-default\" data-id=\"5c2dc97b\" data-element_type=\"section\" data-settings=\"{&quot;jet_parallax_layout_list&quot;:[]}\">\n\t\t\t\t\t\t<div class=\"elementor-container elementor-column-gap-default\">\n\t\t\t\t\t<div class=\"elementor-column elementor-col-100 elementor-top-column elementor-element elementor-element-64bbe532\" data-id=\"64bbe532\" data-element_type=\"column\">\n\t\t\t<div class=\"elementor-widget-wrap elementor-element-populated\">\n\t\t\t\t\t\t\t\t<div class=\"elementor-element elementor-element-14bf5989 elementor-widget elementor-widget-text-editor\" data-id=\"14bf5989\" data-element_type=\"widget\" data-widget_type=\"text-editor.default\">\n\t\t\t\t<div class=\"elementor-widget-container\">\n\t\t\t<style>\/*! elementor - v3.9.2 - 21-12-2022 *\/\n.elementor-widget-text-editor.elementor-drop-cap-view-stacked .elementor-drop-cap{background-color:#818a91;color:#fff}.elementor-widget-text-editor.elementor-drop-cap-view-framed .elementor-drop-cap{color:#818a91;border:3px solid;background-color:transparent}.elementor-widget-text-editor:not(.elementor-drop-cap-view-default) .elementor-drop-cap{margin-top:8px}.elementor-widget-text-editor:not(.elementor-drop-cap-view-default) .elementor-drop-cap-letter{width:1em;height:1em}.elementor-widget-text-editor .elementor-drop-cap{float:left;text-align:center;line-height:1;font-size:50px}.elementor-widget-text-editor .elementor-drop-cap-letter{display:inline-block}<\/style>\t\t\t\t\n<p>Conna\u00eetre la culture de l&rsquo;autre est essentiel pour r\u00e9ussir<\/p>\n\n<div class=\"wp-block-spacer\" style=\"height: 30px;\" aria-hidden=\"true\">\u00a0<\/div>\n\n<h5 class=\"has-text-align-left\">1. EXPATRI\u00c9S<\/h5>\n\n<p>Vivre et travailler dans un pays \u00e9tranger n\u2019est pas toujours facile en raison des diff\u00e9rences culturelles, diff\u00e9rences de valeurs et peut dans certain cas vite devenir un cauchemar\u2026<\/p>\n\n<p><strong>Comprendre la culture roumaine<\/strong> pour une int\u00e9gration plus rapide (expatri\u00e9s professionnels et leurs accompagnateurs)<\/p>\n\n<p><strong>Management interculturel<\/strong>, gestion efficace d&rsquo;\u00e9quipes compos\u00e9es de collaborateurs roumains.<\/p>\n\n<p>Pour r\u00e9ussir, il est essentiel d\u2019en avoir les clefs!<\/p>\n\n<p><strong>Langue roumaine<\/strong> &#8211; Acqu\u00e9rir les connaissances suffisantes de la langue roumaine pour communiquer dans la vie de tous les jours, avec son \u00e9quipe et ses partenaires.<\/p>\n\n<div class=\"wp-block-spacer\" style=\"height: 30px;\" aria-hidden=\"true\">\u00a0<\/div>\n\n<h5 class=\"has-text-align-left\">2. GROUPEMENT D\u2019INT\u00c9R\u00caTS \u00c9CONOMIQUES<\/h5>\n\n<p>L\u2019expatri\u00e9 est tr\u00e8s souvent seul face \u00e0 ses responsabilit\u00e9s. Cette solitude peut \u00eatre stressante, fatigante et ralentir ses performances.<\/p>\n\n<p>C\u2019est pourquoi les expatri\u00e9s performants font partie du <strong>GIE Top EXPAT \u2013 ACADEMY<\/strong>.<\/p>\n\n<p>\u00a0<\/p>\n\n<div class=\"wp-block-spacer\" style=\"height: 30px;\" aria-hidden=\"true\">\u00a0<\/div>\n\n<h5 class=\"has-text-align-left\">3. ROUMAINS<\/h5>\n\n<p>Travailler dans une multinationale, avec des expatri\u00e9s, avoir des relations avec des soci\u00e9t\u00e9s \u00e9trang\u00e8res n\u2019est pas toujours facile en raison des diff\u00e9rences culturelles, diff\u00e9rences de valeurs et peut dans certain cas vite devenir un cauchemar\u2026<\/p>\n\n<p><strong>Comprendre la culture de l&rsquo;autre<\/strong>, augmenter les performances des employ\u00e9s roumains travaillant avec des expatri\u00e9s et\/ou ayant des relations avec des soci\u00e9t\u00e9s \u00e9trang\u00e8res.<\/p>\n\n<p>Une meilleure compr\u00e9hension de la culture de l&rsquo;organisation o\u00f9 ils travaillent pour une int\u00e9gration r\u00e9ussie. Pour y arriver, il est essentiel d\u2019en avoir les clefs!<\/p>\n\n<p><span class=\"TextRun SCXW231662352 BCX0\" lang=\"FR-FR\" xml:lang=\"FR-FR\" data-contrast=\"none\"><span class=\"NormalTextRun SCXW231662352 BCX0\"><strong>Langues \u00e9trang\u00e8res sur objectifs sp\u00e9cifiques<\/strong><\/span>\u00a0<\/span><\/p>\n\n<p>Am\u00e9liorer ses performances pour communiquer avec son \u00e9quipe, avec son sup\u00e9rieur, ses coll\u00e8gu\u00e8s au si\u00e8ge et ses partenaires:<\/p>\n\n<p class=\"has-text-align-center\"><strong>fran\u00e7ais\/ anglais\/ allemand\/ italien<\/strong><\/p>\n\t\t\t\t\t\t<\/div>\n\t\t\t\t<\/div>\n\t\t\t\t\t<\/div>\n\t\t<\/div>\n\t\t\t\t\t\t\t<\/div>\n\t\t<\/section>\n\t\t\t\t\t\t\t<\/div>\n\t\t","protected":false},"excerpt":{"rendered":"<p>Conna\u00eetre la culture de l&rsquo;autre est essentiel pour r\u00e9ussir \u00a0 1. EXPATRI\u00c9S Vivre et travailler dans un pays \u00e9tranger n\u2019est pas toujours facile en raison des diff\u00e9rences culturelles, diff\u00e9rences de valeurs et peut dans certain cas vite devenir un cauchemar\u2026 Comprendre la culture roumaine pour une int\u00e9gration plus rapide (expatri\u00e9s professionnels et leurs accompagnateurs) Management [&hellip;]<\/p>\n","protected":false},"author":4,"featured_media":846,"parent":1193,"menu_order":0,"comment_status":"closed","ping_status":"closed","template":"","meta":{"footnotes":""},"class_list":["post-1141","page","type-page","status-publish","has-post-thumbnail","hentry"],"yoast_head":"<!-- This site is optimized with the Yoast SEO plugin v19.13 - https:\/\/yoast.com\/wordpress\/plugins\/seo\/ -->\n<title>Symbiose interculturelle - MMG International<\/title>\n<meta name=\"robots\" content=\"index, follow, max-snippet:-1, max-image-preview:large, max-video-preview:-1\" \/>\n<link rel=\"canonical\" href=\"https:\/\/mmginternational.ro\/fr\/academy\/learning\/symbiose-interculturelle\/\" \/>\n<meta property=\"og:locale\" content=\"fr_FR\" \/>\n<meta property=\"og:type\" content=\"article\" \/>\n<meta property=\"og:title\" content=\"Symbiose interculturelle - MMG International\" \/>\n<meta property=\"og:description\" content=\"Conna\u00eetre la culture de l&rsquo;autre est essentiel pour r\u00e9ussir \u00a0 1. EXPATRI\u00c9S Vivre et travailler dans un pays \u00e9tranger n\u2019est pas toujours facile en raison des diff\u00e9rences culturelles, diff\u00e9rences de valeurs et peut dans certain cas vite devenir un cauchemar\u2026 Comprendre la culture roumaine pour une int\u00e9gration plus rapide (expatri\u00e9s professionnels et leurs accompagnateurs) Management [&hellip;]\" \/>\n<meta property=\"og:url\" content=\"https:\/\/mmginternational.ro\/fr\/academy\/learning\/symbiose-interculturelle\/\" \/>\n<meta property=\"og:site_name\" content=\"MMG International\" \/>\n<meta property=\"article:modified_time\" content=\"2022-12-26T17:06:43+00:00\" \/>\n<meta property=\"og:image\" content=\"https:\/\/mmginternational.ro\/wp-content\/uploads\/2022\/09\/businessman-holding-tablet-management-group-people-his-hand-scaled.jpg\" \/>\n\t<meta property=\"og:image:width\" content=\"2560\" \/>\n\t<meta property=\"og:image:height\" content=\"1362\" \/>\n\t<meta property=\"og:image:type\" content=\"image\/jpeg\" \/>\n<meta name=\"twitter:card\" content=\"summary_large_image\" \/>\n<meta name=\"twitter:label1\" content=\"Dur\u00e9e de lecture estim\u00e9e\" \/>\n\t<meta name=\"twitter:data1\" content=\"2 minutes\" \/>\n<script type=\"application\/ld+json\" class=\"yoast-schema-graph\">{\"@context\":\"https:\/\/schema.org\",\"@graph\":[{\"@type\":\"WebPage\",\"@id\":\"https:\/\/mmginternational.ro\/fr\/academy\/learning\/symbiose-interculturelle\/\",\"url\":\"https:\/\/mmginternational.ro\/fr\/academy\/learning\/symbiose-interculturelle\/\",\"name\":\"Symbiose interculturelle - MMG International\",\"isPartOf\":{\"@id\":\"https:\/\/mmginternational.ro\/fr\/#website\"},\"datePublished\":\"2022-09-08T13:45:20+00:00\",\"dateModified\":\"2022-12-26T17:06:43+00:00\",\"breadcrumb\":{\"@id\":\"https:\/\/mmginternational.ro\/fr\/academy\/learning\/symbiose-interculturelle\/#breadcrumb\"},\"inLanguage\":\"fr-FR\",\"potentialAction\":[{\"@type\":\"ReadAction\",\"target\":[\"https:\/\/mmginternational.ro\/fr\/academy\/learning\/symbiose-interculturelle\/\"]}]},{\"@type\":\"BreadcrumbList\",\"@id\":\"https:\/\/mmginternational.ro\/fr\/academy\/learning\/symbiose-interculturelle\/#breadcrumb\",\"itemListElement\":[{\"@type\":\"ListItem\",\"position\":1,\"name\":\"Home\",\"item\":\"https:\/\/mmginternational.ro\/fr\/\"},{\"@type\":\"ListItem\",\"position\":2,\"name\":\"Academy\",\"item\":\"https:\/\/mmginternational.ro\/fr\/academy\/\"},{\"@type\":\"ListItem\",\"position\":3,\"name\":\"Learning\",\"item\":\"https:\/\/mmginternational.ro\/fr\/academy\/learning\/\"},{\"@type\":\"ListItem\",\"position\":4,\"name\":\"Symbiose interculturelle\"}]},{\"@type\":\"WebSite\",\"@id\":\"https:\/\/mmginternational.ro\/fr\/#website\",\"url\":\"https:\/\/mmginternational.ro\/fr\/\",\"name\":\"MMG International\",\"description\":\"Conseil en strat\u00e9gie, d\u00e9veloppement du capital humain\",\"publisher\":{\"@id\":\"https:\/\/mmginternational.ro\/fr\/#organization\"},\"potentialAction\":[{\"@type\":\"SearchAction\",\"target\":{\"@type\":\"EntryPoint\",\"urlTemplate\":\"https:\/\/mmginternational.ro\/fr\/?s={search_term_string}\"},\"query-input\":\"required name=search_term_string\"}],\"inLanguage\":\"fr-FR\"},{\"@type\":\"Organization\",\"@id\":\"https:\/\/mmginternational.ro\/fr\/#organization\",\"name\":\"MMG International\",\"url\":\"https:\/\/mmginternational.ro\/fr\/\",\"logo\":{\"@type\":\"ImageObject\",\"inLanguage\":\"fr-FR\",\"@id\":\"https:\/\/mmginternational.ro\/fr\/#\/schema\/logo\/image\/\",\"url\":\"https:\/\/mmginternational.ro\/wp-content\/uploads\/2022\/09\/logo-MMG-transparent.png\",\"contentUrl\":\"https:\/\/mmginternational.ro\/wp-content\/uploads\/2022\/09\/logo-MMG-transparent.png\",\"width\":1132,\"height\":780,\"caption\":\"MMG International\"},\"image\":{\"@id\":\"https:\/\/mmginternational.ro\/fr\/#\/schema\/logo\/image\/\"}}]}<\/script>\n<!-- \/ Yoast SEO plugin. -->","yoast_head_json":{"title":"Symbiose interculturelle - MMG International","robots":{"index":"index","follow":"follow","max-snippet":"max-snippet:-1","max-image-preview":"max-image-preview:large","max-video-preview":"max-video-preview:-1"},"canonical":"https:\/\/mmginternational.ro\/fr\/academy\/learning\/symbiose-interculturelle\/","og_locale":"fr_FR","og_type":"article","og_title":"Symbiose interculturelle - MMG International","og_description":"Conna\u00eetre la culture de l&rsquo;autre est essentiel pour r\u00e9ussir \u00a0 1. EXPATRI\u00c9S Vivre et travailler dans un pays \u00e9tranger n\u2019est pas toujours facile en raison des diff\u00e9rences culturelles, diff\u00e9rences de valeurs et peut dans certain cas vite devenir un cauchemar\u2026 Comprendre la culture roumaine pour une int\u00e9gration plus rapide (expatri\u00e9s professionnels et leurs accompagnateurs) Management [&hellip;]","og_url":"https:\/\/mmginternational.ro\/fr\/academy\/learning\/symbiose-interculturelle\/","og_site_name":"MMG International","article_modified_time":"2022-12-26T17:06:43+00:00","og_image":[{"width":2560,"height":1362,"url":"https:\/\/mmginternational.ro\/wp-content\/uploads\/2022\/09\/businessman-holding-tablet-management-group-people-his-hand-scaled.jpg","type":"image\/jpeg"}],"twitter_card":"summary_large_image","twitter_misc":{"Dur\u00e9e de lecture estim\u00e9e":"2 minutes"},"schema":{"@context":"https:\/\/schema.org","@graph":[{"@type":"WebPage","@id":"https:\/\/mmginternational.ro\/fr\/academy\/learning\/symbiose-interculturelle\/","url":"https:\/\/mmginternational.ro\/fr\/academy\/learning\/symbiose-interculturelle\/","name":"Symbiose interculturelle - MMG International","isPartOf":{"@id":"https:\/\/mmginternational.ro\/fr\/#website"},"datePublished":"2022-09-08T13:45:20+00:00","dateModified":"2022-12-26T17:06:43+00:00","breadcrumb":{"@id":"https:\/\/mmginternational.ro\/fr\/academy\/learning\/symbiose-interculturelle\/#breadcrumb"},"inLanguage":"fr-FR","potentialAction":[{"@type":"ReadAction","target":["https:\/\/mmginternational.ro\/fr\/academy\/learning\/symbiose-interculturelle\/"]}]},{"@type":"BreadcrumbList","@id":"https:\/\/mmginternational.ro\/fr\/academy\/learning\/symbiose-interculturelle\/#breadcrumb","itemListElement":[{"@type":"ListItem","position":1,"name":"Home","item":"https:\/\/mmginternational.ro\/fr\/"},{"@type":"ListItem","position":2,"name":"Academy","item":"https:\/\/mmginternational.ro\/fr\/academy\/"},{"@type":"ListItem","position":3,"name":"Learning","item":"https:\/\/mmginternational.ro\/fr\/academy\/learning\/"},{"@type":"ListItem","position":4,"name":"Symbiose interculturelle"}]},{"@type":"WebSite","@id":"https:\/\/mmginternational.ro\/fr\/#website","url":"https:\/\/mmginternational.ro\/fr\/","name":"MMG International","description":"Conseil en strat\u00e9gie, d\u00e9veloppement du capital humain","publisher":{"@id":"https:\/\/mmginternational.ro\/fr\/#organization"},"potentialAction":[{"@type":"SearchAction","target":{"@type":"EntryPoint","urlTemplate":"https:\/\/mmginternational.ro\/fr\/?s={search_term_string}"},"query-input":"required name=search_term_string"}],"inLanguage":"fr-FR"},{"@type":"Organization","@id":"https:\/\/mmginternational.ro\/fr\/#organization","name":"MMG International","url":"https:\/\/mmginternational.ro\/fr\/","logo":{"@type":"ImageObject","inLanguage":"fr-FR","@id":"https:\/\/mmginternational.ro\/fr\/#\/schema\/logo\/image\/","url":"https:\/\/mmginternational.ro\/wp-content\/uploads\/2022\/09\/logo-MMG-transparent.png","contentUrl":"https:\/\/mmginternational.ro\/wp-content\/uploads\/2022\/09\/logo-MMG-transparent.png","width":1132,"height":780,"caption":"MMG International"},"image":{"@id":"https:\/\/mmginternational.ro\/fr\/#\/schema\/logo\/image\/"}}]}},"_links":{"self":[{"href":"https:\/\/mmginternational.ro\/fr\/wp-json\/wp\/v2\/pages\/1141","targetHints":{"allow":["GET"]}}],"collection":[{"href":"https:\/\/mmginternational.ro\/fr\/wp-json\/wp\/v2\/pages"}],"about":[{"href":"https:\/\/mmginternational.ro\/fr\/wp-json\/wp\/v2\/types\/page"}],"author":[{"embeddable":true,"href":"https:\/\/mmginternational.ro\/fr\/wp-json\/wp\/v2\/users\/4"}],"replies":[{"embeddable":true,"href":"https:\/\/mmginternational.ro\/fr\/wp-json\/wp\/v2\/comments?post=1141"}],"version-history":[{"count":0,"href":"https:\/\/mmginternational.ro\/fr\/wp-json\/wp\/v2\/pages\/1141\/revisions"}],"up":[{"embeddable":true,"href":"https:\/\/mmginternational.ro\/fr\/wp-json\/wp\/v2\/pages\/1193"}],"wp:featuredmedia":[{"embeddable":true,"href":"https:\/\/mmginternational.ro\/fr\/wp-json\/wp\/v2\/media\/846"}],"wp:attachment":[{"href":"https:\/\/mmginternational.ro\/fr\/wp-json\/wp\/v2\/media?parent=1141"}],"curies":[{"name":"wp","href":"https:\/\/api.w.org\/{rel}","templated":true}]}}