{"id":1138,"date":"2022-09-08T13:44:45","date_gmt":"2022-09-08T13:44:45","guid":{"rendered":"https:\/\/mmginternational.ro\/communication\/"},"modified":"2023-01-21T14:16:48","modified_gmt":"2023-01-21T14:16:48","slug":"communication","status":"publish","type":"page","link":"https:\/\/mmginternational.ro\/fr\/academy\/learning\/communication\/","title":{"rendered":"Communication"},"content":{"rendered":"\t\t<div data-elementor-type=\"wp-page\" data-elementor-id=\"1138\" class=\"elementor elementor-1138 elementor-349\">\n\t\t\t\t\t\t\t\t\t<section class=\"elementor-section elementor-top-section elementor-element elementor-element-53471675 elementor-section-boxed elementor-section-height-default elementor-section-height-default\" data-id=\"53471675\" data-element_type=\"section\" data-settings=\"{&quot;jet_parallax_layout_list&quot;:[]}\">\n\t\t\t\t\t\t<div class=\"elementor-container elementor-column-gap-default\">\n\t\t\t\t\t<div class=\"elementor-column elementor-col-100 elementor-top-column elementor-element elementor-element-3acdc694\" data-id=\"3acdc694\" data-element_type=\"column\">\n\t\t\t<div class=\"elementor-widget-wrap elementor-element-populated\">\n\t\t\t\t\t\t\t\t<div class=\"elementor-element elementor-element-7a831f64 elementor-widget elementor-widget-text-editor\" data-id=\"7a831f64\" data-element_type=\"widget\" data-widget_type=\"text-editor.default\">\n\t\t\t\t<div class=\"elementor-widget-container\">\n\t\t\t<style>\/*! elementor - v3.9.2 - 21-12-2022 *\/\n.elementor-widget-text-editor.elementor-drop-cap-view-stacked .elementor-drop-cap{background-color:#818a91;color:#fff}.elementor-widget-text-editor.elementor-drop-cap-view-framed .elementor-drop-cap{color:#818a91;border:3px solid;background-color:transparent}.elementor-widget-text-editor:not(.elementor-drop-cap-view-default) .elementor-drop-cap{margin-top:8px}.elementor-widget-text-editor:not(.elementor-drop-cap-view-default) .elementor-drop-cap-letter{width:1em;height:1em}.elementor-widget-text-editor .elementor-drop-cap{float:left;text-align:center;line-height:1;font-size:50px}.elementor-widget-text-editor .elementor-drop-cap-letter{display:inline-block}<\/style>\t\t\t\t<p>Assurer une circulation fluide de l\u2019information au sein de l\u2019entreprise est vital\u00a0pour son d\u00e9veloppement et pour l\u2019\u00e9panouissement de tous les collaborateurs.<\/p><p>\u00a0<\/p><p><b>1. COMMUNICATION INTER-DEPARTEMENTS<\/b><\/p><p>La gestion de la communication interne de l&rsquo;entreprise favorise les \u00e9changes entre les services et les collaborateurs, contribue \u00e0 v\u00e9hiculer les valeurs de l&rsquo;entreprise, favorise le partage d&rsquo;informations et le travail collaboratif.<\/p><p>\u00a0<\/p><p><b>2. COMMUNICATION INTERPERSONNELLE<\/b><\/p><p>Avez-vous des difficult\u00e9s \u00e0 communiquer avec certaines personnes ? Certaines personnes vous impressionnent ou vous irritent et suscitent une attitude de m\u00e9fiance, de sup\u00e9riorit\u00e9 ou d&rsquo;agressivit\u00e9 ? Cependant, vous souhaitez mieux contr\u00f4ler les messages verbaux et surtout non verbaux que vous envoyez et communiquer plus efficacement avec eux.<\/p><p>D\u00e9veloppez vos comp\u00e9tences en communication pour:<\/p><ul><li>renforcer votre impact dans vos contacts professionnels<\/li><li>mieux vous adapter aux personnes et aux situations<\/li><\/ul><p><strong>\u00a0<\/strong><br \/>\u00a0<br \/><b>3. COMMUNICATION COURRIEL<\/b><\/p><p>La communication par emails fait d\u00e9sormais partie int\u00e9grante du dialogue en entreprise. Que ce soit pour une communication interne ou externe. Les salari\u00e9s de l\u2019entreprise doivent ma\u00eetriser la communication par mail pour pr\u00e9senter une bonne image et le professionnalisme de votre entreprise.<\/p>\t\t\t\t\t\t<\/div>\n\t\t\t\t<\/div>\n\t\t\t\t\t<\/div>\n\t\t<\/div>\n\t\t\t\t\t\t\t<\/div>\n\t\t<\/section>\n\t\t\t\t\t\t\t<\/div>\n\t\t","protected":false},"excerpt":{"rendered":"<p>Assurer une circulation fluide de l\u2019information au sein de l\u2019entreprise est vital\u00a0pour son d\u00e9veloppement et pour l\u2019\u00e9panouissement de tous les collaborateurs. \u00a0 1. COMMUNICATION INTER-DEPARTEMENTS La gestion de la communication interne de l&rsquo;entreprise favorise les \u00e9changes entre les services et les collaborateurs, contribue \u00e0 v\u00e9hiculer les valeurs de l&rsquo;entreprise, favorise le partage d&rsquo;informations et le [&hellip;]<\/p>\n","protected":false},"author":4,"featured_media":856,"parent":1193,"menu_order":0,"comment_status":"closed","ping_status":"closed","template":"","meta":{"footnotes":""},"class_list":["post-1138","page","type-page","status-publish","has-post-thumbnail","hentry"],"yoast_head":"<!-- This site is optimized with the Yoast SEO plugin v19.13 - https:\/\/yoast.com\/wordpress\/plugins\/seo\/ -->\n<title>Communication - MMG International<\/title>\n<meta name=\"robots\" content=\"index, follow, max-snippet:-1, max-image-preview:large, max-video-preview:-1\" \/>\n<link rel=\"canonical\" href=\"https:\/\/mmginternational.ro\/fr\/academy\/learning\/communication\/\" \/>\n<meta property=\"og:locale\" content=\"fr_FR\" \/>\n<meta property=\"og:type\" content=\"article\" \/>\n<meta property=\"og:title\" content=\"Communication - MMG International\" \/>\n<meta property=\"og:description\" content=\"Assurer une circulation fluide de l\u2019information au sein de l\u2019entreprise est vital\u00a0pour son d\u00e9veloppement et pour l\u2019\u00e9panouissement de tous les collaborateurs. \u00a0 1. COMMUNICATION INTER-DEPARTEMENTS La gestion de la communication interne de l&rsquo;entreprise favorise les \u00e9changes entre les services et les collaborateurs, contribue \u00e0 v\u00e9hiculer les valeurs de l&rsquo;entreprise, favorise le partage d&rsquo;informations et le [&hellip;]\" \/>\n<meta property=\"og:url\" content=\"https:\/\/mmginternational.ro\/fr\/academy\/learning\/communication\/\" \/>\n<meta property=\"og:site_name\" content=\"MMG International\" \/>\n<meta property=\"article:modified_time\" content=\"2023-01-21T14:16:48+00:00\" \/>\n<meta property=\"og:image\" content=\"https:\/\/mmginternational.ro\/wp-content\/uploads\/2022\/09\/digital-online-marketing-man-analysis-sale-data-growth-strategy-investment-financial-scaled.jpg\" \/>\n\t<meta property=\"og:image:width\" content=\"2560\" \/>\n\t<meta property=\"og:image:height\" content=\"1413\" \/>\n\t<meta property=\"og:image:type\" content=\"image\/jpeg\" \/>\n<meta name=\"twitter:card\" content=\"summary_large_image\" \/>\n<meta name=\"twitter:label1\" content=\"Dur\u00e9e de lecture estim\u00e9e\" \/>\n\t<meta name=\"twitter:data1\" content=\"1 minute\" \/>\n<script type=\"application\/ld+json\" class=\"yoast-schema-graph\">{\"@context\":\"https:\/\/schema.org\",\"@graph\":[{\"@type\":\"WebPage\",\"@id\":\"https:\/\/mmginternational.ro\/fr\/academy\/learning\/communication\/\",\"url\":\"https:\/\/mmginternational.ro\/fr\/academy\/learning\/communication\/\",\"name\":\"Communication - MMG International\",\"isPartOf\":{\"@id\":\"https:\/\/mmginternational.ro\/fr\/#website\"},\"datePublished\":\"2022-09-08T13:44:45+00:00\",\"dateModified\":\"2023-01-21T14:16:48+00:00\",\"breadcrumb\":{\"@id\":\"https:\/\/mmginternational.ro\/fr\/academy\/learning\/communication\/#breadcrumb\"},\"inLanguage\":\"fr-FR\",\"potentialAction\":[{\"@type\":\"ReadAction\",\"target\":[\"https:\/\/mmginternational.ro\/fr\/academy\/learning\/communication\/\"]}]},{\"@type\":\"BreadcrumbList\",\"@id\":\"https:\/\/mmginternational.ro\/fr\/academy\/learning\/communication\/#breadcrumb\",\"itemListElement\":[{\"@type\":\"ListItem\",\"position\":1,\"name\":\"Home\",\"item\":\"https:\/\/mmginternational.ro\/fr\/\"},{\"@type\":\"ListItem\",\"position\":2,\"name\":\"Academy\",\"item\":\"https:\/\/mmginternational.ro\/fr\/academy\/\"},{\"@type\":\"ListItem\",\"position\":3,\"name\":\"Learning\",\"item\":\"https:\/\/mmginternational.ro\/fr\/academy\/learning\/\"},{\"@type\":\"ListItem\",\"position\":4,\"name\":\"Communication\"}]},{\"@type\":\"WebSite\",\"@id\":\"https:\/\/mmginternational.ro\/fr\/#website\",\"url\":\"https:\/\/mmginternational.ro\/fr\/\",\"name\":\"MMG International\",\"description\":\"Conseil en strat\u00e9gie, d\u00e9veloppement du capital humain\",\"publisher\":{\"@id\":\"https:\/\/mmginternational.ro\/fr\/#organization\"},\"potentialAction\":[{\"@type\":\"SearchAction\",\"target\":{\"@type\":\"EntryPoint\",\"urlTemplate\":\"https:\/\/mmginternational.ro\/fr\/?s={search_term_string}\"},\"query-input\":\"required name=search_term_string\"}],\"inLanguage\":\"fr-FR\"},{\"@type\":\"Organization\",\"@id\":\"https:\/\/mmginternational.ro\/fr\/#organization\",\"name\":\"MMG International\",\"url\":\"https:\/\/mmginternational.ro\/fr\/\",\"logo\":{\"@type\":\"ImageObject\",\"inLanguage\":\"fr-FR\",\"@id\":\"https:\/\/mmginternational.ro\/fr\/#\/schema\/logo\/image\/\",\"url\":\"https:\/\/mmginternational.ro\/wp-content\/uploads\/2022\/09\/logo-MMG-transparent.png\",\"contentUrl\":\"https:\/\/mmginternational.ro\/wp-content\/uploads\/2022\/09\/logo-MMG-transparent.png\",\"width\":1132,\"height\":780,\"caption\":\"MMG International\"},\"image\":{\"@id\":\"https:\/\/mmginternational.ro\/fr\/#\/schema\/logo\/image\/\"}}]}<\/script>\n<!-- \/ Yoast SEO plugin. -->","yoast_head_json":{"title":"Communication - MMG International","robots":{"index":"index","follow":"follow","max-snippet":"max-snippet:-1","max-image-preview":"max-image-preview:large","max-video-preview":"max-video-preview:-1"},"canonical":"https:\/\/mmginternational.ro\/fr\/academy\/learning\/communication\/","og_locale":"fr_FR","og_type":"article","og_title":"Communication - MMG International","og_description":"Assurer une circulation fluide de l\u2019information au sein de l\u2019entreprise est vital\u00a0pour son d\u00e9veloppement et pour l\u2019\u00e9panouissement de tous les collaborateurs. \u00a0 1. COMMUNICATION INTER-DEPARTEMENTS La gestion de la communication interne de l&rsquo;entreprise favorise les \u00e9changes entre les services et les collaborateurs, contribue \u00e0 v\u00e9hiculer les valeurs de l&rsquo;entreprise, favorise le partage d&rsquo;informations et le [&hellip;]","og_url":"https:\/\/mmginternational.ro\/fr\/academy\/learning\/communication\/","og_site_name":"MMG International","article_modified_time":"2023-01-21T14:16:48+00:00","og_image":[{"width":2560,"height":1413,"url":"https:\/\/mmginternational.ro\/wp-content\/uploads\/2022\/09\/digital-online-marketing-man-analysis-sale-data-growth-strategy-investment-financial-scaled.jpg","type":"image\/jpeg"}],"twitter_card":"summary_large_image","twitter_misc":{"Dur\u00e9e de lecture estim\u00e9e":"1 minute"},"schema":{"@context":"https:\/\/schema.org","@graph":[{"@type":"WebPage","@id":"https:\/\/mmginternational.ro\/fr\/academy\/learning\/communication\/","url":"https:\/\/mmginternational.ro\/fr\/academy\/learning\/communication\/","name":"Communication - MMG International","isPartOf":{"@id":"https:\/\/mmginternational.ro\/fr\/#website"},"datePublished":"2022-09-08T13:44:45+00:00","dateModified":"2023-01-21T14:16:48+00:00","breadcrumb":{"@id":"https:\/\/mmginternational.ro\/fr\/academy\/learning\/communication\/#breadcrumb"},"inLanguage":"fr-FR","potentialAction":[{"@type":"ReadAction","target":["https:\/\/mmginternational.ro\/fr\/academy\/learning\/communication\/"]}]},{"@type":"BreadcrumbList","@id":"https:\/\/mmginternational.ro\/fr\/academy\/learning\/communication\/#breadcrumb","itemListElement":[{"@type":"ListItem","position":1,"name":"Home","item":"https:\/\/mmginternational.ro\/fr\/"},{"@type":"ListItem","position":2,"name":"Academy","item":"https:\/\/mmginternational.ro\/fr\/academy\/"},{"@type":"ListItem","position":3,"name":"Learning","item":"https:\/\/mmginternational.ro\/fr\/academy\/learning\/"},{"@type":"ListItem","position":4,"name":"Communication"}]},{"@type":"WebSite","@id":"https:\/\/mmginternational.ro\/fr\/#website","url":"https:\/\/mmginternational.ro\/fr\/","name":"MMG International","description":"Conseil en strat\u00e9gie, d\u00e9veloppement du capital humain","publisher":{"@id":"https:\/\/mmginternational.ro\/fr\/#organization"},"potentialAction":[{"@type":"SearchAction","target":{"@type":"EntryPoint","urlTemplate":"https:\/\/mmginternational.ro\/fr\/?s={search_term_string}"},"query-input":"required name=search_term_string"}],"inLanguage":"fr-FR"},{"@type":"Organization","@id":"https:\/\/mmginternational.ro\/fr\/#organization","name":"MMG International","url":"https:\/\/mmginternational.ro\/fr\/","logo":{"@type":"ImageObject","inLanguage":"fr-FR","@id":"https:\/\/mmginternational.ro\/fr\/#\/schema\/logo\/image\/","url":"https:\/\/mmginternational.ro\/wp-content\/uploads\/2022\/09\/logo-MMG-transparent.png","contentUrl":"https:\/\/mmginternational.ro\/wp-content\/uploads\/2022\/09\/logo-MMG-transparent.png","width":1132,"height":780,"caption":"MMG International"},"image":{"@id":"https:\/\/mmginternational.ro\/fr\/#\/schema\/logo\/image\/"}}]}},"_links":{"self":[{"href":"https:\/\/mmginternational.ro\/fr\/wp-json\/wp\/v2\/pages\/1138","targetHints":{"allow":["GET"]}}],"collection":[{"href":"https:\/\/mmginternational.ro\/fr\/wp-json\/wp\/v2\/pages"}],"about":[{"href":"https:\/\/mmginternational.ro\/fr\/wp-json\/wp\/v2\/types\/page"}],"author":[{"embeddable":true,"href":"https:\/\/mmginternational.ro\/fr\/wp-json\/wp\/v2\/users\/4"}],"replies":[{"embeddable":true,"href":"https:\/\/mmginternational.ro\/fr\/wp-json\/wp\/v2\/comments?post=1138"}],"version-history":[{"count":25,"href":"https:\/\/mmginternational.ro\/fr\/wp-json\/wp\/v2\/pages\/1138\/revisions"}],"predecessor-version":[{"id":2295,"href":"https:\/\/mmginternational.ro\/fr\/wp-json\/wp\/v2\/pages\/1138\/revisions\/2295"}],"up":[{"embeddable":true,"href":"https:\/\/mmginternational.ro\/fr\/wp-json\/wp\/v2\/pages\/1193"}],"wp:featuredmedia":[{"embeddable":true,"href":"https:\/\/mmginternational.ro\/fr\/wp-json\/wp\/v2\/media\/856"}],"wp:attachment":[{"href":"https:\/\/mmginternational.ro\/fr\/wp-json\/wp\/v2\/media?parent=1138"}],"curies":[{"name":"wp","href":"https:\/\/api.w.org\/{rel}","templated":true}]}}